{"id":57,"date":"2023-02-10T23:13:17","date_gmt":"2023-02-10T23:13:17","guid":{"rendered":"https:\/\/morsoelitteraturforening.dk\/?page_id=57"},"modified":"2025-02-25T14:52:30","modified_gmt":"2025-02-25T14:52:30","slug":"morsoe-litteraturforenings-bestyrelse","status":"publish","type":"page","link":"https:\/\/morsoelitteraturforening.dk\/index.php\/morsoe-litteraturforenings-bestyrelse\/","title":{"rendered":"Mors\u00f8 Litteraturforenings bestyrelse"},"content":{"rendered":"\n<div class=\"wp-block-group alignfull has-global-padding is-layout-constrained wp-container-core-group-is-layout-19e250f3 wp-block-group-is-layout-constrained\">\n<div class=\"wp-block-cover alignfull has-custom-content-position is-position-top-center aplo-has-filters\" style=\"padding-top:0;padding-right:0;padding-bottom:0;padding-left:0;min-height:300px;--aplo-filter-string:drop-shadow(0 2px 2px rgba(var(--aplo-fdsc), var(--aplo-fdso)));--aplo-clip:9%;aspect-ratio:unset;\"><span aria-hidden=\"true\" class=\"wp-block-cover__background has-background-dim-30 has-background-dim\"><\/span><img loading=\"lazy\" decoding=\"async\" width=\"1200\" height=\"900\" class=\"wp-block-cover__image-background wp-image-393\" alt=\"\" src=\"https:\/\/morsoelitteraturforening.dk\/wp-content\/uploads\/2023\/02\/AnneLiseMarstrandJorgensen_20feb23.jpg\" style=\"object-position:52% 45%\" data-object-fit=\"cover\" data-object-position=\"52% 45%\" srcset=\"https:\/\/morsoelitteraturforening.dk\/wp-content\/uploads\/2023\/02\/AnneLiseMarstrandJorgensen_20feb23.jpg 1200w, https:\/\/morsoelitteraturforening.dk\/wp-content\/uploads\/2023\/02\/AnneLiseMarstrandJorgensen_20feb23-300x225.jpg 300w, https:\/\/morsoelitteraturforening.dk\/wp-content\/uploads\/2023\/02\/AnneLiseMarstrandJorgensen_20feb23-1024x768.jpg 1024w, https:\/\/morsoelitteraturforening.dk\/wp-content\/uploads\/2023\/02\/AnneLiseMarstrandJorgensen_20feb23-768x576.jpg 768w\" sizes=\"auto, (max-width: 1200px) 100vw, 1200px\" \/><div class=\"wp-block-cover__inner-container is-layout-flow wp-block-cover-is-layout-flow\">\n<div style=\"height:60px\" aria-hidden=\"true\" class=\"wp-block-spacer\"><\/div>\n\n\n\n<h2 class=\"wp-block-heading has-text-align-center has-base-color has-text-color has-x-large-font-size aploanim fadeup \" style=\"margin-top:0;margin-right:0;margin-bottom:0;margin-left:0;--aplo-tedu:1000ms\">Bestyrelse<\/h2>\n<\/div><\/div>\n\n\n\n<div class=\"wp-block-group alignwide has-base-background-color has-background aploanim fadeup  aplo-has-hover-filters aplo-has-pull-styles has-global-padding is-layout-constrained wp-container-core-group-is-layout-d52d615c wp-block-group-is-layout-constrained\" style=\"border-radius:5px;padding-top:var(--wp--preset--spacing--30);padding-right:var(--wp--preset--spacing--20);padding-bottom:var(--wp--preset--spacing--20);padding-left:var(--wp--preset--spacing--20);--aplo-filter-hover-string:;--aplo-tedu:750ms;position:relative;z-index:2;margin-top:-81px\">\n<p class=\"\"><\/p>\n\n\n\n<div class=\"wp-block-group has-global-padding is-layout-constrained wp-block-group-is-layout-constrained\" style=\"padding-top:0;padding-bottom:var(--wp--preset--spacing--20)\">\n<div class=\"wp-block-columns is-layout-flex wp-container-core-columns-is-layout-28f84493 wp-block-columns-is-layout-flex\">\n<div class=\"wp-block-column is-vertically-aligned-center has-base-color has-contrast-background-color has-text-color has-background aplo-has-filters is-layout-flow wp-block-column-is-layout-flow\" style=\"padding-top:var(--wp--preset--spacing--30);padding-right:var(--wp--preset--spacing--30);padding-bottom:var(--wp--preset--spacing--30);padding-left:var(--wp--preset--spacing--30);--aplo-filter-string:drop-shadow(3px 3px 3px rgba(var(--aplo-fdsc), var(--aplo-fdso)))\">\n<p class=\"\">Mors\u00f8 Litteraturforenings bestyrelse<\/p>\n\n\n\n<p class=\"has-link-color wp-elements-f940227b804b5b785ecc09324a7352a9\"><\/p>\n\n\n\n<div class=\"wp-block-group has-global-padding is-layout-constrained wp-block-group-is-layout-constrained\">\n<p class=\"has-link-color wp-elements-e0f6f57d81ebb933e498a46c301bb532\">Christina Ruskj\u00e6r (formand)<br>Mors\u00f8 Folkebibliotek<br>Holgersgade 7<br>7900 Nyk\u00f8bing Mors<br>Tlf.\u00a099 70 60 09<br><a href=\"mailto:tjmarkussen@webspeed.dk\">bibcru@morsoe.dk<\/a><\/p>\n\n\n\n<p class=\"has-link-color wp-elements-13eb8c79d1e90709ce8ea728dbbe0245\">S\u00f8ren Kn\u00f8s Christensen (n\u00e6stformand)<br>Mors\u00f8 Folkebibliotek<br>Holgersgade 7<br>7900 Nyk\u00f8bing Mors<br>Direkte:\u00a09970 6006<br>Mobil:\u00a020 27 96 98<br><a href=\"mailto:bibskc@morsoe.dk\">bibskc@morsoe.dk<\/a><\/p>\n<\/div>\n\n\n\n<p class=\"has-link-color wp-elements-6fc3c154fb47ea55469e08bafdbc106f\">Merete Krarup (sekret\u00e6r)<br>Grynderupvej 35<br>7870 Roslev<br>Tlf.&nbsp;20 46 84 14<br><a href=\"mailto:mkrarup@c.dk\">mkrarup@c.dk<\/a><\/p>\n\n\n\n<p class=\"has-link-color wp-elements-d785ef3d4a3aaf15c647e274935c569c\">Dorit Erhardsen (kasserer)<br>Toftegade 15<br>7900 Nyk\u00f8bing Mors<br>Tlf.&nbsp;61 71 03 38<br><a href=\"mailto:dorit.erhardsen@gmail.com\">dorit.erhardsen@gmail.com<\/a><\/p>\n\n\n\n<p class=\"has-link-color wp-elements-119fdccb66949b00723c87ad1ff06b64\">Bodil Lausten (webmaster)<br>Fruev\u00e6nget 24&nbsp;<br>7900 Nyk\u00f8bing Mors<br>Tlf.&nbsp;60 24 51 32<br><a href=\"mailto:bodil.lausten@mail.dk\">bodil.lausten@mail.dk<\/a><\/p>\n\n\n\n<p class=\"has-link-color wp-elements-37869008e33a870615611b1cbcb2dd25\">Lisbeth Reintoft (suppleant)<br>Gr\u00f8nnegade 42<br>7900 Nyk\u00f8bing Mors<br>Tlf. 22 37 41 76<br><a href=\"mailto:kirstenovig@gmail.com\">lisbethreintoft@yahoo.dk<\/a><\/p>\n\n\n\n<p class=\"\"><\/p>\n\n\n\n<p class=\"has-link-color wp-elements-ba70fb3836ceaba7cf50f2efcbae30ce\">Beretningerne for foreningens aktiviteter kan findes under&nbsp;<a href=\"https:\/\/morsoelitteraturforening.dk\/index.php\/tidligere-arrangementer\/\">Tidligere arrangementer<\/a>.<\/p>\n\n\n\n<p class=\"\"><\/p>\n<\/div>\n<\/div>\n<\/div>\n<\/div>\n<\/div>\n","protected":false},"excerpt":{"rendered":"<p>Mors\u00f8 Litteraturforenings bestyrelse Christina Ruskj\u00e6r (formand)Mors\u00f8 FolkebibliotekHolgersgade 77900 Nyk\u00f8bing MorsTlf.\u00a099 70 60 09bibcru@morsoe.dk S\u00f8ren Kn\u00f8s Christensen (n\u00e6stformand)Mors\u00f8 FolkebibliotekHolgersgade 77900 Nyk\u00f8bing MorsDirekte:\u00a09970 6006Mobil:\u00a020 27 96 98bibskc@morsoe.dk Merete Krarup (sekret\u00e6r)Grynderupvej 357870 RoslevTlf.&nbsp;20 46 84 14mkrarup@c.dk Dorit Erhardsen (kasserer)Toftegade 157900 Nyk\u00f8bing MorsTlf.&nbsp;61 71 03 38dorit.erhardsen@gmail.com Bodil Lausten (webmaster)Fruev\u00e6nget 24&nbsp;7900 Nyk\u00f8bing MorsTlf.&nbsp;60 24 51 32bodil.lausten@mail.dk Lisbeth Reintoft (suppleant)Gr\u00f8nnegade 427900 [&hellip;]<\/p>\n","protected":false},"author":1,"featured_media":0,"parent":0,"menu_order":0,"comment_status":"closed","ping_status":"closed","template":"","meta":{"_editorskit_title_hidden":false,"_editorskit_reading_time":0,"_editorskit_is_block_options_detached":false,"_editorskit_block_options_position":"{}","footnotes":""},"class_list":["post-57","page","type-page","status-publish","hentry"],"yoast_head":"<!-- This site is optimized with the Yoast SEO plugin v27.5 - https:\/\/yoast.com\/product\/yoast-seo-wordpress\/ -->\n<title>Mors\u00f8 Litteraturforenings bestyrelse -<\/title>\n<meta name=\"robots\" content=\"index, follow, max-snippet:-1, max-image-preview:large, max-video-preview:-1\" \/>\n<link rel=\"canonical\" href=\"https:\/\/morsoelitteraturforening.dk\/index.php\/morsoe-litteraturforenings-bestyrelse\/\" \/>\n<meta property=\"og:locale\" content=\"da_DK\" \/>\n<meta property=\"og:type\" content=\"article\" \/>\n<meta property=\"og:title\" content=\"Mors\u00f8 Litteraturforenings bestyrelse -\" \/>\n<meta property=\"og:description\" content=\"Mors\u00f8 Litteraturforenings bestyrelse Christina Ruskj\u00e6r (formand)Mors\u00f8 FolkebibliotekHolgersgade 77900 Nyk\u00f8bing MorsTlf.\u00a099 70 60 09bibcru@morsoe.dk S\u00f8ren Kn\u00f8s Christensen (n\u00e6stformand)Mors\u00f8 FolkebibliotekHolgersgade 77900 Nyk\u00f8bing MorsDirekte:\u00a09970 6006Mobil:\u00a020 27 96 98bibskc@morsoe.dk Merete Krarup (sekret\u00e6r)Grynderupvej 357870 RoslevTlf.&nbsp;20 46 84 14mkrarup@c.dk Dorit Erhardsen (kasserer)Toftegade 157900 Nyk\u00f8bing MorsTlf.&nbsp;61 71 03 38dorit.erhardsen@gmail.com Bodil Lausten (webmaster)Fruev\u00e6nget 24&nbsp;7900 Nyk\u00f8bing MorsTlf.&nbsp;60 24 51 32bodil.lausten@mail.dk Lisbeth Reintoft (suppleant)Gr\u00f8nnegade 427900 [&hellip;]\" \/>\n<meta property=\"og:url\" content=\"https:\/\/morsoelitteraturforening.dk\/index.php\/morsoe-litteraturforenings-bestyrelse\/\" \/>\n<meta property=\"article:modified_time\" content=\"2025-02-25T14:52:30+00:00\" \/>\n<meta property=\"og:image\" content=\"https:\/\/morsoelitteraturforening.dk\/wp-content\/uploads\/2023\/02\/AnneLiseMarstrandJorgensen_20feb23.jpg\" \/>\n\t<meta property=\"og:image:width\" content=\"1200\" \/>\n\t<meta property=\"og:image:height\" content=\"900\" \/>\n\t<meta property=\"og:image:type\" content=\"image\/jpeg\" \/>\n<meta name=\"twitter:card\" content=\"summary_large_image\" \/>\n<meta name=\"twitter:label1\" content=\"Estimeret l\u00e6setid\" \/>\n\t<meta name=\"twitter:data1\" content=\"1 minut\" \/>\n<script type=\"application\/ld+json\" class=\"yoast-schema-graph\">{\"@context\":\"https:\\\/\\\/schema.org\",\"@graph\":[{\"@type\":\"WebPage\",\"@id\":\"https:\\\/\\\/morsoelitteraturforening.dk\\\/index.php\\\/morsoe-litteraturforenings-bestyrelse\\\/\",\"url\":\"https:\\\/\\\/morsoelitteraturforening.dk\\\/index.php\\\/morsoe-litteraturforenings-bestyrelse\\\/\",\"name\":\"Mors\u00f8 Litteraturforenings bestyrelse -\",\"isPartOf\":{\"@id\":\"https:\\\/\\\/morsoelitteraturforening.dk\\\/#website\"},\"primaryImageOfPage\":{\"@id\":\"https:\\\/\\\/morsoelitteraturforening.dk\\\/index.php\\\/morsoe-litteraturforenings-bestyrelse\\\/#primaryimage\"},\"image\":{\"@id\":\"https:\\\/\\\/morsoelitteraturforening.dk\\\/index.php\\\/morsoe-litteraturforenings-bestyrelse\\\/#primaryimage\"},\"thumbnailUrl\":\"https:\\\/\\\/morsoelitteraturforening.dk\\\/wp-content\\\/uploads\\\/2023\\\/02\\\/AnneLiseMarstrandJorgensen_20feb23.jpg\",\"datePublished\":\"2023-02-10T23:13:17+00:00\",\"dateModified\":\"2025-02-25T14:52:30+00:00\",\"breadcrumb\":{\"@id\":\"https:\\\/\\\/morsoelitteraturforening.dk\\\/index.php\\\/morsoe-litteraturforenings-bestyrelse\\\/#breadcrumb\"},\"inLanguage\":\"da-DK\",\"potentialAction\":[{\"@type\":\"ReadAction\",\"target\":[\"https:\\\/\\\/morsoelitteraturforening.dk\\\/index.php\\\/morsoe-litteraturforenings-bestyrelse\\\/\"]}]},{\"@type\":\"ImageObject\",\"inLanguage\":\"da-DK\",\"@id\":\"https:\\\/\\\/morsoelitteraturforening.dk\\\/index.php\\\/morsoe-litteraturforenings-bestyrelse\\\/#primaryimage\",\"url\":\"https:\\\/\\\/morsoelitteraturforening.dk\\\/wp-content\\\/uploads\\\/2023\\\/02\\\/AnneLiseMarstrandJorgensen_20feb23.jpg\",\"contentUrl\":\"https:\\\/\\\/morsoelitteraturforening.dk\\\/wp-content\\\/uploads\\\/2023\\\/02\\\/AnneLiseMarstrandJorgensen_20feb23.jpg\",\"width\":1200,\"height\":900},{\"@type\":\"BreadcrumbList\",\"@id\":\"https:\\\/\\\/morsoelitteraturforening.dk\\\/index.php\\\/morsoe-litteraturforenings-bestyrelse\\\/#breadcrumb\",\"itemListElement\":[{\"@type\":\"ListItem\",\"position\":1,\"name\":\"Hjem\",\"item\":\"https:\\\/\\\/morsoelitteraturforening.dk\\\/\"},{\"@type\":\"ListItem\",\"position\":2,\"name\":\"Mors\u00f8 Litteraturforenings bestyrelse\"}]},{\"@type\":\"WebSite\",\"@id\":\"https:\\\/\\\/morsoelitteraturforening.dk\\\/#website\",\"url\":\"https:\\\/\\\/morsoelitteraturforening.dk\\\/\",\"name\":\"\",\"description\":\"\",\"potentialAction\":[{\"@type\":\"SearchAction\",\"target\":{\"@type\":\"EntryPoint\",\"urlTemplate\":\"https:\\\/\\\/morsoelitteraturforening.dk\\\/?s={search_term_string}\"},\"query-input\":{\"@type\":\"PropertyValueSpecification\",\"valueRequired\":true,\"valueName\":\"search_term_string\"}}],\"inLanguage\":\"da-DK\"}]}<\/script>\n<!-- \/ Yoast SEO plugin. -->","yoast_head_json":{"title":"Mors\u00f8 Litteraturforenings bestyrelse -","robots":{"index":"index","follow":"follow","max-snippet":"max-snippet:-1","max-image-preview":"max-image-preview:large","max-video-preview":"max-video-preview:-1"},"canonical":"https:\/\/morsoelitteraturforening.dk\/index.php\/morsoe-litteraturforenings-bestyrelse\/","og_locale":"da_DK","og_type":"article","og_title":"Mors\u00f8 Litteraturforenings bestyrelse -","og_description":"Mors\u00f8 Litteraturforenings bestyrelse Christina Ruskj\u00e6r (formand)Mors\u00f8 FolkebibliotekHolgersgade 77900 Nyk\u00f8bing MorsTlf.\u00a099 70 60 09bibcru@morsoe.dk S\u00f8ren Kn\u00f8s Christensen (n\u00e6stformand)Mors\u00f8 FolkebibliotekHolgersgade 77900 Nyk\u00f8bing MorsDirekte:\u00a09970 6006Mobil:\u00a020 27 96 98bibskc@morsoe.dk Merete Krarup (sekret\u00e6r)Grynderupvej 357870 RoslevTlf.&nbsp;20 46 84 14mkrarup@c.dk Dorit Erhardsen (kasserer)Toftegade 157900 Nyk\u00f8bing MorsTlf.&nbsp;61 71 03 38dorit.erhardsen@gmail.com Bodil Lausten (webmaster)Fruev\u00e6nget 24&nbsp;7900 Nyk\u00f8bing MorsTlf.&nbsp;60 24 51 32bodil.lausten@mail.dk Lisbeth Reintoft (suppleant)Gr\u00f8nnegade 427900 [&hellip;]","og_url":"https:\/\/morsoelitteraturforening.dk\/index.php\/morsoe-litteraturforenings-bestyrelse\/","article_modified_time":"2025-02-25T14:52:30+00:00","og_image":[{"width":1200,"height":900,"url":"https:\/\/morsoelitteraturforening.dk\/wp-content\/uploads\/2023\/02\/AnneLiseMarstrandJorgensen_20feb23.jpg","type":"image\/jpeg"}],"twitter_card":"summary_large_image","twitter_misc":{"Estimeret l\u00e6setid":"1 minut"},"schema":{"@context":"https:\/\/schema.org","@graph":[{"@type":"WebPage","@id":"https:\/\/morsoelitteraturforening.dk\/index.php\/morsoe-litteraturforenings-bestyrelse\/","url":"https:\/\/morsoelitteraturforening.dk\/index.php\/morsoe-litteraturforenings-bestyrelse\/","name":"Mors\u00f8 Litteraturforenings bestyrelse -","isPartOf":{"@id":"https:\/\/morsoelitteraturforening.dk\/#website"},"primaryImageOfPage":{"@id":"https:\/\/morsoelitteraturforening.dk\/index.php\/morsoe-litteraturforenings-bestyrelse\/#primaryimage"},"image":{"@id":"https:\/\/morsoelitteraturforening.dk\/index.php\/morsoe-litteraturforenings-bestyrelse\/#primaryimage"},"thumbnailUrl":"https:\/\/morsoelitteraturforening.dk\/wp-content\/uploads\/2023\/02\/AnneLiseMarstrandJorgensen_20feb23.jpg","datePublished":"2023-02-10T23:13:17+00:00","dateModified":"2025-02-25T14:52:30+00:00","breadcrumb":{"@id":"https:\/\/morsoelitteraturforening.dk\/index.php\/morsoe-litteraturforenings-bestyrelse\/#breadcrumb"},"inLanguage":"da-DK","potentialAction":[{"@type":"ReadAction","target":["https:\/\/morsoelitteraturforening.dk\/index.php\/morsoe-litteraturforenings-bestyrelse\/"]}]},{"@type":"ImageObject","inLanguage":"da-DK","@id":"https:\/\/morsoelitteraturforening.dk\/index.php\/morsoe-litteraturforenings-bestyrelse\/#primaryimage","url":"https:\/\/morsoelitteraturforening.dk\/wp-content\/uploads\/2023\/02\/AnneLiseMarstrandJorgensen_20feb23.jpg","contentUrl":"https:\/\/morsoelitteraturforening.dk\/wp-content\/uploads\/2023\/02\/AnneLiseMarstrandJorgensen_20feb23.jpg","width":1200,"height":900},{"@type":"BreadcrumbList","@id":"https:\/\/morsoelitteraturforening.dk\/index.php\/morsoe-litteraturforenings-bestyrelse\/#breadcrumb","itemListElement":[{"@type":"ListItem","position":1,"name":"Hjem","item":"https:\/\/morsoelitteraturforening.dk\/"},{"@type":"ListItem","position":2,"name":"Mors\u00f8 Litteraturforenings bestyrelse"}]},{"@type":"WebSite","@id":"https:\/\/morsoelitteraturforening.dk\/#website","url":"https:\/\/morsoelitteraturforening.dk\/","name":"","description":"","potentialAction":[{"@type":"SearchAction","target":{"@type":"EntryPoint","urlTemplate":"https:\/\/morsoelitteraturforening.dk\/?s={search_term_string}"},"query-input":{"@type":"PropertyValueSpecification","valueRequired":true,"valueName":"search_term_string"}}],"inLanguage":"da-DK"}]}},"_links":{"self":[{"href":"https:\/\/morsoelitteraturforening.dk\/index.php\/wp-json\/wp\/v2\/pages\/57","targetHints":{"allow":["GET"]}}],"collection":[{"href":"https:\/\/morsoelitteraturforening.dk\/index.php\/wp-json\/wp\/v2\/pages"}],"about":[{"href":"https:\/\/morsoelitteraturforening.dk\/index.php\/wp-json\/wp\/v2\/types\/page"}],"author":[{"embeddable":true,"href":"https:\/\/morsoelitteraturforening.dk\/index.php\/wp-json\/wp\/v2\/users\/1"}],"replies":[{"embeddable":true,"href":"https:\/\/morsoelitteraturforening.dk\/index.php\/wp-json\/wp\/v2\/comments?post=57"}],"version-history":[{"count":17,"href":"https:\/\/morsoelitteraturforening.dk\/index.php\/wp-json\/wp\/v2\/pages\/57\/revisions"}],"predecessor-version":[{"id":1061,"href":"https:\/\/morsoelitteraturforening.dk\/index.php\/wp-json\/wp\/v2\/pages\/57\/revisions\/1061"}],"wp:attachment":[{"href":"https:\/\/morsoelitteraturforening.dk\/index.php\/wp-json\/wp\/v2\/media?parent=57"}],"curies":[{"name":"wp","href":"https:\/\/api.w.org\/{rel}","templated":true}]}}