{"id":756,"date":"2023-08-08T20:58:45","date_gmt":"2023-08-08T20:58:45","guid":{"rendered":"https:\/\/morsoelitteraturforening.dk\/?page_id=756"},"modified":"2023-08-18T15:25:46","modified_gmt":"2023-08-18T15:25:46","slug":"om-tove-ditlevsen","status":"publish","type":"page","link":"https:\/\/morsoelitteraturforening.dk\/index.php\/om-tove-ditlevsen\/","title":{"rendered":"Om Tove Ditlevsen"},"content":{"rendered":"\n<div class=\"wp-block-group alignfull has-global-padding is-layout-constrained wp-container-core-group-is-layout-19e250f3 wp-block-group-is-layout-constrained\">\n<div class=\"wp-block-cover alignfull has-custom-content-position is-position-top-center aplo-has-filters\" style=\"padding-top:0;padding-right:0;padding-bottom:0;padding-left:0;min-height:300px;--aplo-filter-string:drop-shadow(0 2px 2px rgba(var(--aplo-fdsc), var(--aplo-fdso)));--aplo-clip:9%;aspect-ratio:unset;\"><span aria-hidden=\"true\" class=\"wp-block-cover__background has-background-dim-30 has-background-dim\"><\/span><img loading=\"lazy\" decoding=\"async\" width=\"1200\" height=\"900\" class=\"wp-block-cover__image-background wp-image-393\" alt=\"\" src=\"https:\/\/morsoelitteraturforening.dk\/wp-content\/uploads\/2023\/02\/AnneLiseMarstrandJorgensen_20feb23.jpg\" style=\"object-position:52% 45%\" data-object-fit=\"cover\" data-object-position=\"52% 45%\" srcset=\"https:\/\/morsoelitteraturforening.dk\/wp-content\/uploads\/2023\/02\/AnneLiseMarstrandJorgensen_20feb23.jpg 1200w, https:\/\/morsoelitteraturforening.dk\/wp-content\/uploads\/2023\/02\/AnneLiseMarstrandJorgensen_20feb23-300x225.jpg 300w, https:\/\/morsoelitteraturforening.dk\/wp-content\/uploads\/2023\/02\/AnneLiseMarstrandJorgensen_20feb23-1024x768.jpg 1024w, https:\/\/morsoelitteraturforening.dk\/wp-content\/uploads\/2023\/02\/AnneLiseMarstrandJorgensen_20feb23-768x576.jpg 768w\" sizes=\"auto, (max-width: 1200px) 100vw, 1200px\" \/><div class=\"wp-block-cover__inner-container is-layout-flow wp-block-cover-is-layout-flow\">\n<div style=\"height:60px\" aria-hidden=\"true\" class=\"wp-block-spacer\"><\/div>\n\n\n\n<h2 class=\"wp-block-heading has-text-align-center has-base-color has-text-color has-x-large-font-size aploanim fadeup \" style=\"margin-top:0;margin-right:0;margin-bottom:0;margin-left:0;--aplo-tedu:1000ms\">Tirsdag den 19. september 2023<\/h2>\n<\/div><\/div>\n\n\n\n<div class=\"wp-block-group alignwide has-base-background-color has-background aploanim fadeup  aplo-has-hover-filters aplo-has-pull-styles has-global-padding is-layout-constrained wp-container-core-group-is-layout-d52d615c wp-block-group-is-layout-constrained\" style=\"border-radius:5px;padding-top:var(--wp--preset--spacing--30);padding-right:var(--wp--preset--spacing--20);padding-bottom:var(--wp--preset--spacing--20);padding-left:var(--wp--preset--spacing--20);--aplo-filter-hover-string:;--aplo-tedu:750ms;position:relative;z-index:2;margin-top:-81px\">\n<p class=\"has-text-align-center has-link-color wp-elements-7452d05a5647f41b64581bcf0f18137c\">St\u00f8berisalen, Mors\u00f8 Folkebibliotek, Holgersgade 7, 7900 Nyk\u00f8bing Mors<\/p>\n\n\n\n<p class=\"has-text-align-center\">Entr\u00e9: Gratis for medlemmer af Mors\u00f8 Litteraturforening \/ 75 kr. for ikke-medlemmer<\/p>\n<\/div>\n<\/div>\n\n\n\n<div class=\"wp-block-columns is-layout-flex wp-container-core-columns-is-layout-28f84493 wp-block-columns-is-layout-flex\">\n<div class=\"wp-block-column is-layout-flow wp-block-column-is-layout-flow\" style=\"flex-basis:100%\">\n<div class=\"wp-block-group has-global-padding is-layout-constrained wp-block-group-is-layout-constrained\" style=\"padding-top:0;padding-bottom:var(--wp--preset--spacing--20)\">\n<div class=\"wp-block-columns is-layout-flex wp-container-core-columns-is-layout-28f84493 wp-block-columns-is-layout-flex\">\n<div class=\"wp-block-column is-layout-flow wp-block-column-is-layout-flow\" style=\"padding-top:var(--wp--preset--spacing--30);padding-bottom:var(--wp--preset--spacing--40)\">\n<div class=\"wp-block-columns is-not-stacked-on-mobile is-layout-flex wp-container-core-columns-is-layout-28232c24 wp-block-columns-is-layout-flex\">\n<div class=\"wp-block-column aploanim fadeup  aplo-has-filters aplo-has-transforms aplo-has-pull-styles is-layout-flow wp-block-column-is-layout-flow\" style=\"padding-bottom:var(--wp--preset--spacing--30);--aplo-filter-string:drop-shadow(5px 5px 5px rgba(var(--aplo-fdsc), var(--aplo-fdso)));--aplo-transform-string:translateY(15px) ;--aplo-tede:250ms\">\n<div class=\"wp-block-group aploanim fadeup  aplo-has-pull-styles has-global-padding is-layout-constrained wp-block-group-is-layout-constrained\">\n<figure class=\"wp-block-image size-full\"><img loading=\"lazy\" decoding=\"async\" width=\"369\" height=\"408\" src=\"https:\/\/morsoelitteraturforening.dk\/wp-content\/uploads\/2023\/08\/Ulrikkeholm1.jpg\" alt=\"\" class=\"wp-image-757\" srcset=\"https:\/\/morsoelitteraturforening.dk\/wp-content\/uploads\/2023\/08\/Ulrikkeholm1.jpg 369w, https:\/\/morsoelitteraturforening.dk\/wp-content\/uploads\/2023\/08\/Ulrikkeholm1-271x300.jpg 271w\" sizes=\"auto, (max-width: 369px) 100vw, 369px\" \/><figcaption class=\"wp-element-caption\">Jeannet Ulrikkeholm<br><\/figcaption><\/figure>\n<\/div>\n<\/div>\n<\/div>\n<\/div>\n\n\n\n<div class=\"wp-block-column is-vertically-aligned-center has-base-color has-contrast-background-color has-text-color has-background aplo-has-filters is-layout-flow wp-block-column-is-layout-flow\" style=\"padding-top:var(--wp--preset--spacing--30);padding-right:var(--wp--preset--spacing--30);padding-bottom:var(--wp--preset--spacing--30);padding-left:var(--wp--preset--spacing--30);flex-basis:55%;--aplo-filter-string:drop-shadow(3px 3px 3px rgba(var(--aplo-fdsc), var(--aplo-fdso)))\">\n<p class=\"\"><strong>Tirsdag den 19. september kl. 19:30<\/strong><br><strong>Jeannet Ulrikkeholm om Tove Ditlevsen<\/strong> <\/p>\n\n\n\n<p class=\"\">&#8211; i samarbejde med Mors\u00f8 Folkeuniversitet<\/p>\n\n\n\n<p class=\"\"><\/p>\n\n\n\n<p class=\"\">Tove Ditlevsen mente selv, at hun var f\u00f8dt med en slags sivebr\u00f8nd og septiktank indvendigt. Aldrig s\u00e5 snart havde hun f\u00e5et den ene til at fungere, f\u00f8r helvede br\u00f8d l\u00f8s i den anden. I l\u00f8bet af dette foredrag fort\u00e6ller Jeannet Ulrikkeholm om Tove Ditlevsens kaotiske liv.<\/p>\n\n\n\n<p class=\"\">Tove Ditlevsen voksede op p\u00e5 Vesterbro i et fattigt arbejderkvarter og havde fra barnsben en ambition om at blive en ber\u00f8mt forfatter. Hun n\u00e5ede at skrive talrige noveller, romaner, selvbiografier, essays, digte, artikler og h\u00f8respil, inden hun d\u00f8de for egen h\u00e5nd i 1976.<\/p>\n\n\n\n<p class=\"\">Jeannet fort\u00e6ller om sammenh\u00e6ngen mellem liv og digtning i Tove Ditlevsens univers, og hun synger udvalgte sange &#8211; b\u00e5de kendte og mindre kendte. Jeannet fort\u00e6ller ogs\u00e5 om venskabet mellem Tove Ditlevsen og Halfdan Rasmussen. Og om forholdet til Piet Hein. Tove Ditlevsen var ogs\u00e5 en sjov forfatter. Det vil erfares i l\u00f8bet af dette foredrag.<\/p>\n\n\n\n<p class=\"\">Jeannet akkompagnerer p\u00e5 guitar og guitarlut.<\/p>\n\n\n\n<p class=\"\">Jeannet Ulrikkeholm er cand.mag og tidligere universitetsl\u00e6rer. Nu er hun ud\u00f8vende sanger og musiker. Hun er forfatter og har en deltidsstilling som musikl\u00e6rer p\u00e5 Ole R\u00f8mer-skolen i H\u00f8je Taastrup.<\/p>\n\n\n\n<p class=\"\"><\/p>\n<\/div>\n<\/div>\n<\/div>\n<\/div>\n<\/div>\n","protected":false},"excerpt":{"rendered":"<p>St\u00f8berisalen, Mors\u00f8 Folkebibliotek, Holgersgade 7, 7900 Nyk\u00f8bing Mors Entr\u00e9: Gratis for medlemmer af Mors\u00f8 Litteraturforening \/ 75 kr. for ikke-medlemmer Tirsdag den 19. september kl. 19:30Jeannet Ulrikkeholm om Tove Ditlevsen &#8211; i samarbejde med Mors\u00f8 Folkeuniversitet Tove Ditlevsen mente selv, at hun var f\u00f8dt med en slags sivebr\u00f8nd og septiktank indvendigt. Aldrig s\u00e5 snart havde [&hellip;]<\/p>\n","protected":false},"author":2,"featured_media":0,"parent":0,"menu_order":0,"comment_status":"closed","ping_status":"closed","template":"","meta":{"_editorskit_title_hidden":false,"_editorskit_reading_time":0,"_editorskit_is_block_options_detached":false,"_editorskit_block_options_position":"{}","footnotes":""},"class_list":["post-756","page","type-page","status-publish","hentry"],"yoast_head":"<!-- This site is optimized with the Yoast SEO plugin v27.4 - https:\/\/yoast.com\/product\/yoast-seo-wordpress\/ -->\n<title>Om Tove Ditlevsen -<\/title>\n<meta name=\"robots\" content=\"index, follow, max-snippet:-1, max-image-preview:large, max-video-preview:-1\" \/>\n<link rel=\"canonical\" href=\"https:\/\/morsoelitteraturforening.dk\/index.php\/om-tove-ditlevsen\/\" \/>\n<meta property=\"og:locale\" content=\"da_DK\" \/>\n<meta property=\"og:type\" content=\"article\" \/>\n<meta property=\"og:title\" content=\"Om Tove Ditlevsen -\" \/>\n<meta property=\"og:description\" content=\"St\u00f8berisalen, Mors\u00f8 Folkebibliotek, Holgersgade 7, 7900 Nyk\u00f8bing Mors Entr\u00e9: Gratis for medlemmer af Mors\u00f8 Litteraturforening \/ 75 kr. for ikke-medlemmer Tirsdag den 19. september kl. 19:30Jeannet Ulrikkeholm om Tove Ditlevsen &#8211; i samarbejde med Mors\u00f8 Folkeuniversitet Tove Ditlevsen mente selv, at hun var f\u00f8dt med en slags sivebr\u00f8nd og septiktank indvendigt. Aldrig s\u00e5 snart havde [&hellip;]\" \/>\n<meta property=\"og:url\" content=\"https:\/\/morsoelitteraturforening.dk\/index.php\/om-tove-ditlevsen\/\" \/>\n<meta property=\"article:modified_time\" content=\"2023-08-18T15:25:46+00:00\" \/>\n<meta property=\"og:image\" content=\"https:\/\/morsoelitteraturforening.dk\/wp-content\/uploads\/2023\/02\/AnneLiseMarstrandJorgensen_20feb23.jpg\" \/>\n<meta name=\"twitter:card\" content=\"summary_large_image\" \/>\n<meta name=\"twitter:label1\" content=\"Estimeret l\u00e6setid\" \/>\n\t<meta name=\"twitter:data1\" content=\"2 minutter\" \/>\n<script type=\"application\/ld+json\" class=\"yoast-schema-graph\">{\"@context\":\"https:\\\/\\\/schema.org\",\"@graph\":[{\"@type\":\"WebPage\",\"@id\":\"https:\\\/\\\/morsoelitteraturforening.dk\\\/index.php\\\/om-tove-ditlevsen\\\/\",\"url\":\"https:\\\/\\\/morsoelitteraturforening.dk\\\/index.php\\\/om-tove-ditlevsen\\\/\",\"name\":\"Om Tove Ditlevsen -\",\"isPartOf\":{\"@id\":\"https:\\\/\\\/morsoelitteraturforening.dk\\\/#website\"},\"primaryImageOfPage\":{\"@id\":\"https:\\\/\\\/morsoelitteraturforening.dk\\\/index.php\\\/om-tove-ditlevsen\\\/#primaryimage\"},\"image\":{\"@id\":\"https:\\\/\\\/morsoelitteraturforening.dk\\\/index.php\\\/om-tove-ditlevsen\\\/#primaryimage\"},\"thumbnailUrl\":\"https:\\\/\\\/morsoelitteraturforening.dk\\\/wp-content\\\/uploads\\\/2023\\\/02\\\/AnneLiseMarstrandJorgensen_20feb23.jpg\",\"datePublished\":\"2023-08-08T20:58:45+00:00\",\"dateModified\":\"2023-08-18T15:25:46+00:00\",\"breadcrumb\":{\"@id\":\"https:\\\/\\\/morsoelitteraturforening.dk\\\/index.php\\\/om-tove-ditlevsen\\\/#breadcrumb\"},\"inLanguage\":\"da-DK\",\"potentialAction\":[{\"@type\":\"ReadAction\",\"target\":[\"https:\\\/\\\/morsoelitteraturforening.dk\\\/index.php\\\/om-tove-ditlevsen\\\/\"]}]},{\"@type\":\"ImageObject\",\"inLanguage\":\"da-DK\",\"@id\":\"https:\\\/\\\/morsoelitteraturforening.dk\\\/index.php\\\/om-tove-ditlevsen\\\/#primaryimage\",\"url\":\"https:\\\/\\\/morsoelitteraturforening.dk\\\/wp-content\\\/uploads\\\/2023\\\/02\\\/AnneLiseMarstrandJorgensen_20feb23.jpg\",\"contentUrl\":\"https:\\\/\\\/morsoelitteraturforening.dk\\\/wp-content\\\/uploads\\\/2023\\\/02\\\/AnneLiseMarstrandJorgensen_20feb23.jpg\",\"width\":1200,\"height\":900},{\"@type\":\"BreadcrumbList\",\"@id\":\"https:\\\/\\\/morsoelitteraturforening.dk\\\/index.php\\\/om-tove-ditlevsen\\\/#breadcrumb\",\"itemListElement\":[{\"@type\":\"ListItem\",\"position\":1,\"name\":\"Hjem\",\"item\":\"https:\\\/\\\/morsoelitteraturforening.dk\\\/\"},{\"@type\":\"ListItem\",\"position\":2,\"name\":\"Om Tove Ditlevsen\"}]},{\"@type\":\"WebSite\",\"@id\":\"https:\\\/\\\/morsoelitteraturforening.dk\\\/#website\",\"url\":\"https:\\\/\\\/morsoelitteraturforening.dk\\\/\",\"name\":\"\",\"description\":\"\",\"potentialAction\":[{\"@type\":\"SearchAction\",\"target\":{\"@type\":\"EntryPoint\",\"urlTemplate\":\"https:\\\/\\\/morsoelitteraturforening.dk\\\/?s={search_term_string}\"},\"query-input\":{\"@type\":\"PropertyValueSpecification\",\"valueRequired\":true,\"valueName\":\"search_term_string\"}}],\"inLanguage\":\"da-DK\"}]}<\/script>\n<!-- \/ Yoast SEO plugin. -->","yoast_head_json":{"title":"Om Tove Ditlevsen -","robots":{"index":"index","follow":"follow","max-snippet":"max-snippet:-1","max-image-preview":"max-image-preview:large","max-video-preview":"max-video-preview:-1"},"canonical":"https:\/\/morsoelitteraturforening.dk\/index.php\/om-tove-ditlevsen\/","og_locale":"da_DK","og_type":"article","og_title":"Om Tove Ditlevsen -","og_description":"St\u00f8berisalen, Mors\u00f8 Folkebibliotek, Holgersgade 7, 7900 Nyk\u00f8bing Mors Entr\u00e9: Gratis for medlemmer af Mors\u00f8 Litteraturforening \/ 75 kr. for ikke-medlemmer Tirsdag den 19. september kl. 19:30Jeannet Ulrikkeholm om Tove Ditlevsen &#8211; i samarbejde med Mors\u00f8 Folkeuniversitet Tove Ditlevsen mente selv, at hun var f\u00f8dt med en slags sivebr\u00f8nd og septiktank indvendigt. Aldrig s\u00e5 snart havde [&hellip;]","og_url":"https:\/\/morsoelitteraturforening.dk\/index.php\/om-tove-ditlevsen\/","article_modified_time":"2023-08-18T15:25:46+00:00","og_image":[{"url":"https:\/\/morsoelitteraturforening.dk\/wp-content\/uploads\/2023\/02\/AnneLiseMarstrandJorgensen_20feb23.jpg","type":"","width":"","height":""}],"twitter_card":"summary_large_image","twitter_misc":{"Estimeret l\u00e6setid":"2 minutter"},"schema":{"@context":"https:\/\/schema.org","@graph":[{"@type":"WebPage","@id":"https:\/\/morsoelitteraturforening.dk\/index.php\/om-tove-ditlevsen\/","url":"https:\/\/morsoelitteraturforening.dk\/index.php\/om-tove-ditlevsen\/","name":"Om Tove Ditlevsen -","isPartOf":{"@id":"https:\/\/morsoelitteraturforening.dk\/#website"},"primaryImageOfPage":{"@id":"https:\/\/morsoelitteraturforening.dk\/index.php\/om-tove-ditlevsen\/#primaryimage"},"image":{"@id":"https:\/\/morsoelitteraturforening.dk\/index.php\/om-tove-ditlevsen\/#primaryimage"},"thumbnailUrl":"https:\/\/morsoelitteraturforening.dk\/wp-content\/uploads\/2023\/02\/AnneLiseMarstrandJorgensen_20feb23.jpg","datePublished":"2023-08-08T20:58:45+00:00","dateModified":"2023-08-18T15:25:46+00:00","breadcrumb":{"@id":"https:\/\/morsoelitteraturforening.dk\/index.php\/om-tove-ditlevsen\/#breadcrumb"},"inLanguage":"da-DK","potentialAction":[{"@type":"ReadAction","target":["https:\/\/morsoelitteraturforening.dk\/index.php\/om-tove-ditlevsen\/"]}]},{"@type":"ImageObject","inLanguage":"da-DK","@id":"https:\/\/morsoelitteraturforening.dk\/index.php\/om-tove-ditlevsen\/#primaryimage","url":"https:\/\/morsoelitteraturforening.dk\/wp-content\/uploads\/2023\/02\/AnneLiseMarstrandJorgensen_20feb23.jpg","contentUrl":"https:\/\/morsoelitteraturforening.dk\/wp-content\/uploads\/2023\/02\/AnneLiseMarstrandJorgensen_20feb23.jpg","width":1200,"height":900},{"@type":"BreadcrumbList","@id":"https:\/\/morsoelitteraturforening.dk\/index.php\/om-tove-ditlevsen\/#breadcrumb","itemListElement":[{"@type":"ListItem","position":1,"name":"Hjem","item":"https:\/\/morsoelitteraturforening.dk\/"},{"@type":"ListItem","position":2,"name":"Om Tove Ditlevsen"}]},{"@type":"WebSite","@id":"https:\/\/morsoelitteraturforening.dk\/#website","url":"https:\/\/morsoelitteraturforening.dk\/","name":"","description":"","potentialAction":[{"@type":"SearchAction","target":{"@type":"EntryPoint","urlTemplate":"https:\/\/morsoelitteraturforening.dk\/?s={search_term_string}"},"query-input":{"@type":"PropertyValueSpecification","valueRequired":true,"valueName":"search_term_string"}}],"inLanguage":"da-DK"}]}},"_links":{"self":[{"href":"https:\/\/morsoelitteraturforening.dk\/index.php\/wp-json\/wp\/v2\/pages\/756","targetHints":{"allow":["GET"]}}],"collection":[{"href":"https:\/\/morsoelitteraturforening.dk\/index.php\/wp-json\/wp\/v2\/pages"}],"about":[{"href":"https:\/\/morsoelitteraturforening.dk\/index.php\/wp-json\/wp\/v2\/types\/page"}],"author":[{"embeddable":true,"href":"https:\/\/morsoelitteraturforening.dk\/index.php\/wp-json\/wp\/v2\/users\/2"}],"replies":[{"embeddable":true,"href":"https:\/\/morsoelitteraturforening.dk\/index.php\/wp-json\/wp\/v2\/comments?post=756"}],"version-history":[{"count":2,"href":"https:\/\/morsoelitteraturforening.dk\/index.php\/wp-json\/wp\/v2\/pages\/756\/revisions"}],"predecessor-version":[{"id":791,"href":"https:\/\/morsoelitteraturforening.dk\/index.php\/wp-json\/wp\/v2\/pages\/756\/revisions\/791"}],"wp:attachment":[{"href":"https:\/\/morsoelitteraturforening.dk\/index.php\/wp-json\/wp\/v2\/media?parent=756"}],"curies":[{"name":"wp","href":"https:\/\/api.w.org\/{rel}","templated":true}]}}