{"id":824,"date":"2024-01-04T20:43:55","date_gmt":"2024-01-04T20:43:55","guid":{"rendered":"https:\/\/morsoelitteraturforening.dk\/?page_id=824"},"modified":"2024-01-05T09:16:13","modified_gmt":"2024-01-05T09:16:13","slug":"forfatteraften-med-jens-smaerup-soerensen","status":"publish","type":"page","link":"https:\/\/morsoelitteraturforening.dk\/index.php\/forfatteraften-med-jens-smaerup-soerensen\/","title":{"rendered":"Forfatteraften med Jens Sm\u00e6rup S\u00f8rensen"},"content":{"rendered":"\n<div class=\"wp-block-group alignfull has-global-padding is-layout-constrained wp-container-core-group-is-layout-19e250f3 wp-block-group-is-layout-constrained\">\n<div class=\"wp-block-cover alignfull has-custom-content-position is-position-top-center aplo-has-filters\" style=\"padding-top:0;padding-right:0;padding-bottom:0;padding-left:0;min-height:300px;--aplo-filter-string:drop-shadow(0 2px 2px rgba(var(--aplo-fdsc), var(--aplo-fdso)));--aplo-clip:9%;aspect-ratio:unset;\"><span aria-hidden=\"true\" class=\"wp-block-cover__background has-background-dim-30 has-background-dim\"><\/span><img loading=\"lazy\" decoding=\"async\" width=\"1200\" height=\"900\" class=\"wp-block-cover__image-background wp-image-393\" alt=\"\" src=\"https:\/\/morsoelitteraturforening.dk\/wp-content\/uploads\/2023\/02\/AnneLiseMarstrandJorgensen_20feb23.jpg\" style=\"object-position:52% 45%\" data-object-fit=\"cover\" data-object-position=\"52% 45%\" srcset=\"https:\/\/morsoelitteraturforening.dk\/wp-content\/uploads\/2023\/02\/AnneLiseMarstrandJorgensen_20feb23.jpg 1200w, https:\/\/morsoelitteraturforening.dk\/wp-content\/uploads\/2023\/02\/AnneLiseMarstrandJorgensen_20feb23-300x225.jpg 300w, https:\/\/morsoelitteraturforening.dk\/wp-content\/uploads\/2023\/02\/AnneLiseMarstrandJorgensen_20feb23-1024x768.jpg 1024w, https:\/\/morsoelitteraturforening.dk\/wp-content\/uploads\/2023\/02\/AnneLiseMarstrandJorgensen_20feb23-768x576.jpg 768w\" sizes=\"auto, (max-width: 1200px) 100vw, 1200px\" \/><div class=\"wp-block-cover__inner-container is-layout-flow wp-block-cover-is-layout-flow\">\n<div style=\"height:60px\" aria-hidden=\"true\" class=\"wp-block-spacer\"><\/div>\n\n\n\n<h2 class=\"wp-block-heading has-text-align-center has-base-color has-text-color has-x-large-font-size aploanim fadeup \" style=\"margin-top:0;margin-right:0;margin-bottom:0;margin-left:0;--aplo-tedu:1000ms\">Onsdag den 24. januar 2024<\/h2>\n<\/div><\/div>\n\n\n\n<div class=\"wp-block-group alignwide has-base-background-color has-background aploanim fadeup  aplo-has-hover-filters aplo-has-pull-styles has-global-padding is-layout-constrained wp-container-core-group-is-layout-d52d615c wp-block-group-is-layout-constrained\" style=\"border-radius:5px;padding-top:var(--wp--preset--spacing--30);padding-right:var(--wp--preset--spacing--20);padding-bottom:var(--wp--preset--spacing--20);padding-left:var(--wp--preset--spacing--20);--aplo-filter-hover-string:;--aplo-tedu:750ms;position:relative;z-index:2;margin-top:-81px\">\n<p class=\"has-text-align-center has-link-color wp-elements-7452d05a5647f41b64581bcf0f18137c\">St\u00f8berisalen, Mors\u00f8 Folkebibliotek, Holgersgade 7, 7900 Nyk\u00f8bing Mors<\/p>\n\n\n\n<p class=\"has-text-align-center\">Entr\u00e9: Gratis for medlemmer af Mors\u00f8 Litteraturforening \/ 75 kr. for ikke-medlemmer<\/p>\n<\/div>\n<\/div>\n\n\n\n<div class=\"wp-block-columns is-layout-flex wp-container-core-columns-is-layout-28f84493 wp-block-columns-is-layout-flex\">\n<div class=\"wp-block-column is-layout-flow wp-block-column-is-layout-flow\" style=\"flex-basis:100%\">\n<div class=\"wp-block-group has-global-padding is-layout-constrained wp-block-group-is-layout-constrained\" style=\"padding-top:0;padding-bottom:var(--wp--preset--spacing--20)\">\n<div class=\"wp-block-columns is-layout-flex wp-container-core-columns-is-layout-28f84493 wp-block-columns-is-layout-flex\">\n<div class=\"wp-block-column is-layout-flow wp-block-column-is-layout-flow\" style=\"padding-top:var(--wp--preset--spacing--30);padding-bottom:var(--wp--preset--spacing--40)\">\n<div class=\"wp-block-columns is-not-stacked-on-mobile is-layout-flex wp-container-core-columns-is-layout-28232c24 wp-block-columns-is-layout-flex\">\n<div class=\"wp-block-column aploanim fadeup  aplo-has-filters aplo-has-transforms aplo-has-pull-styles is-layout-flow wp-block-column-is-layout-flow\" style=\"padding-bottom:var(--wp--preset--spacing--30);--aplo-filter-string:drop-shadow(5px 5px 5px rgba(var(--aplo-fdsc), var(--aplo-fdso)));--aplo-transform-string:translateY(15px) ;--aplo-tede:250ms\">\n<div class=\"wp-block-group aploanim fadeup  aplo-has-pull-styles has-global-padding is-layout-constrained wp-block-group-is-layout-constrained\">\n<figure class=\"wp-block-image size-full\"><img loading=\"lazy\" decoding=\"async\" width=\"344\" height=\"499\" src=\"https:\/\/morsoelitteraturforening.dk\/wp-content\/uploads\/2024\/01\/Jens_Smaerup2024.jpg\" alt=\"\" class=\"wp-image-850\" srcset=\"https:\/\/morsoelitteraturforening.dk\/wp-content\/uploads\/2024\/01\/Jens_Smaerup2024.jpg 344w, https:\/\/morsoelitteraturforening.dk\/wp-content\/uploads\/2024\/01\/Jens_Smaerup2024-207x300.jpg 207w\" sizes=\"auto, (max-width: 344px) 100vw, 344px\" \/><figcaption class=\"wp-element-caption\">Jens Sm\u00e6rup S\u00f8rensen <br>Foto: Morten Juhl<\/figcaption><\/figure>\n<\/div>\n<\/div>\n<\/div>\n<\/div>\n\n\n\n<div class=\"wp-block-column is-vertically-aligned-center has-base-color has-contrast-background-color has-text-color has-background aplo-has-filters is-layout-flow wp-block-column-is-layout-flow\" style=\"padding-top:var(--wp--preset--spacing--30);padding-right:var(--wp--preset--spacing--30);padding-bottom:var(--wp--preset--spacing--30);padding-left:var(--wp--preset--spacing--30);flex-basis:55%;--aplo-filter-string:drop-shadow(3px 3px 3px rgba(var(--aplo-fdsc), var(--aplo-fdso)))\">\n<p class=\"\"><strong>Onsdag den 24. januar kl. 19:30<\/strong><br><strong>Forfatteraften med &#8211;<\/strong> <strong>Jens Sm\u00e6rup S\u00f8rensen<\/strong><\/p>\n\n\n\n<p class=\"\">Jens Sm\u00e6rup S\u00f8rensen vil fort\u00e6lle om sin seneste roman <em>\u201cEvigt i tiden\u201d <\/em>fra 2023.<\/p>\n\n\n\n<p class=\"\"><em>\u201cEvigt i tiden\u201d<\/em> foreg\u00e5r i tre forskellige tidsaldre. Men personerne er hele tiden de samme, Lone og Jakob, deres familie og andre folk i Skovby. Vi f\u00f8lger deres liv under afg\u00f8rende omv\u00e6ltninger af landbruget: den enev\u00e6ldige konges landboreformer i 1790\u2019erne, andelsbev\u00e6gelsens og h\u00f8jskolernes storhedsperiode i 1800-tallet, og i vores tid hvor hovedpersonerne som industrielle f\u00f8devareproducenter m\u00e5 forholde sig til en milj\u00f8bevidst offentlighed og til den klimakrise, som de m\u00e5ske allerede er medskyldige i. I romanens rammefort\u00e6lling befinder de sig i en fremtid, hvor de under alle omst\u00e6ndigheder m\u00e5 s\u00f8ge nyt liv.<\/p>\n\n\n\n<p class=\"\">\u201c<em>Evigt i tiden\u201d <\/em>er en moderne historisk roman om et \u00e6gteskab og om materielle vilk\u00e5r og \u00e5ndelige bev\u00e6gelser gennem tiden. Om hvordan vi er blevet &#8211; og stadig bliver &#8211; dem vi er. Om at v\u00e6re til her og nu.<\/p>\n\n\n\n<p class=\"\"><em>Efter forfatteraftenen er der generalforsamling i Mors\u00f8 Litteraturforening.<\/em><\/p>\n\n\n\n<p class=\"\"><em>Arrangementet er st\u00f8ttet af Statens Kunstfond.<\/em><\/p>\n<\/div>\n<\/div>\n<\/div>\n<\/div>\n<\/div>\n","protected":false},"excerpt":{"rendered":"<p>St\u00f8berisalen, Mors\u00f8 Folkebibliotek, Holgersgade 7, 7900 Nyk\u00f8bing Mors Entr\u00e9: Gratis for medlemmer af Mors\u00f8 Litteraturforening \/ 75 kr. for ikke-medlemmer Onsdag den 24. januar kl. 19:30Forfatteraften med &#8211; Jens Sm\u00e6rup S\u00f8rensen Jens Sm\u00e6rup S\u00f8rensen vil fort\u00e6lle om sin seneste roman \u201cEvigt i tiden\u201d fra 2023. \u201cEvigt i tiden\u201d foreg\u00e5r i tre forskellige tidsaldre. Men personerne [&hellip;]<\/p>\n","protected":false},"author":3,"featured_media":0,"parent":0,"menu_order":0,"comment_status":"closed","ping_status":"closed","template":"","meta":{"_editorskit_title_hidden":false,"_editorskit_reading_time":0,"_editorskit_is_block_options_detached":false,"_editorskit_block_options_position":"{}","footnotes":""},"class_list":["post-824","page","type-page","status-publish","hentry"],"yoast_head":"<!-- This site is optimized with the Yoast SEO plugin v27.4 - https:\/\/yoast.com\/product\/yoast-seo-wordpress\/ -->\n<title>Forfatteraften med Jens Sm\u00e6rup S\u00f8rensen -<\/title>\n<meta name=\"robots\" content=\"index, follow, max-snippet:-1, max-image-preview:large, max-video-preview:-1\" \/>\n<link rel=\"canonical\" href=\"https:\/\/morsoelitteraturforening.dk\/index.php\/forfatteraften-med-jens-smaerup-soerensen\/\" \/>\n<meta property=\"og:locale\" content=\"da_DK\" \/>\n<meta property=\"og:type\" content=\"article\" \/>\n<meta property=\"og:title\" content=\"Forfatteraften med Jens Sm\u00e6rup S\u00f8rensen -\" \/>\n<meta property=\"og:description\" content=\"St\u00f8berisalen, Mors\u00f8 Folkebibliotek, Holgersgade 7, 7900 Nyk\u00f8bing Mors Entr\u00e9: Gratis for medlemmer af Mors\u00f8 Litteraturforening \/ 75 kr. for ikke-medlemmer Onsdag den 24. januar kl. 19:30Forfatteraften med &#8211; Jens Sm\u00e6rup S\u00f8rensen Jens Sm\u00e6rup S\u00f8rensen vil fort\u00e6lle om sin seneste roman \u201cEvigt i tiden\u201d fra 2023. \u201cEvigt i tiden\u201d foreg\u00e5r i tre forskellige tidsaldre. Men personerne [&hellip;]\" \/>\n<meta property=\"og:url\" content=\"https:\/\/morsoelitteraturforening.dk\/index.php\/forfatteraften-med-jens-smaerup-soerensen\/\" \/>\n<meta property=\"article:modified_time\" content=\"2024-01-05T09:16:13+00:00\" \/>\n<meta property=\"og:image\" content=\"https:\/\/morsoelitteraturforening.dk\/wp-content\/uploads\/2023\/02\/AnneLiseMarstrandJorgensen_20feb23.jpg\" \/>\n<meta name=\"twitter:card\" content=\"summary_large_image\" \/>\n<meta name=\"twitter:label1\" content=\"Estimeret l\u00e6setid\" \/>\n\t<meta name=\"twitter:data1\" content=\"2 minutter\" \/>\n<script type=\"application\/ld+json\" class=\"yoast-schema-graph\">{\"@context\":\"https:\\\/\\\/schema.org\",\"@graph\":[{\"@type\":\"WebPage\",\"@id\":\"https:\\\/\\\/morsoelitteraturforening.dk\\\/index.php\\\/forfatteraften-med-jens-smaerup-soerensen\\\/\",\"url\":\"https:\\\/\\\/morsoelitteraturforening.dk\\\/index.php\\\/forfatteraften-med-jens-smaerup-soerensen\\\/\",\"name\":\"Forfatteraften med Jens Sm\u00e6rup S\u00f8rensen -\",\"isPartOf\":{\"@id\":\"https:\\\/\\\/morsoelitteraturforening.dk\\\/#website\"},\"primaryImageOfPage\":{\"@id\":\"https:\\\/\\\/morsoelitteraturforening.dk\\\/index.php\\\/forfatteraften-med-jens-smaerup-soerensen\\\/#primaryimage\"},\"image\":{\"@id\":\"https:\\\/\\\/morsoelitteraturforening.dk\\\/index.php\\\/forfatteraften-med-jens-smaerup-soerensen\\\/#primaryimage\"},\"thumbnailUrl\":\"https:\\\/\\\/morsoelitteraturforening.dk\\\/wp-content\\\/uploads\\\/2023\\\/02\\\/AnneLiseMarstrandJorgensen_20feb23.jpg\",\"datePublished\":\"2024-01-04T20:43:55+00:00\",\"dateModified\":\"2024-01-05T09:16:13+00:00\",\"breadcrumb\":{\"@id\":\"https:\\\/\\\/morsoelitteraturforening.dk\\\/index.php\\\/forfatteraften-med-jens-smaerup-soerensen\\\/#breadcrumb\"},\"inLanguage\":\"da-DK\",\"potentialAction\":[{\"@type\":\"ReadAction\",\"target\":[\"https:\\\/\\\/morsoelitteraturforening.dk\\\/index.php\\\/forfatteraften-med-jens-smaerup-soerensen\\\/\"]}]},{\"@type\":\"ImageObject\",\"inLanguage\":\"da-DK\",\"@id\":\"https:\\\/\\\/morsoelitteraturforening.dk\\\/index.php\\\/forfatteraften-med-jens-smaerup-soerensen\\\/#primaryimage\",\"url\":\"https:\\\/\\\/morsoelitteraturforening.dk\\\/wp-content\\\/uploads\\\/2023\\\/02\\\/AnneLiseMarstrandJorgensen_20feb23.jpg\",\"contentUrl\":\"https:\\\/\\\/morsoelitteraturforening.dk\\\/wp-content\\\/uploads\\\/2023\\\/02\\\/AnneLiseMarstrandJorgensen_20feb23.jpg\",\"width\":1200,\"height\":900},{\"@type\":\"BreadcrumbList\",\"@id\":\"https:\\\/\\\/morsoelitteraturforening.dk\\\/index.php\\\/forfatteraften-med-jens-smaerup-soerensen\\\/#breadcrumb\",\"itemListElement\":[{\"@type\":\"ListItem\",\"position\":1,\"name\":\"Hjem\",\"item\":\"https:\\\/\\\/morsoelitteraturforening.dk\\\/\"},{\"@type\":\"ListItem\",\"position\":2,\"name\":\"Forfatteraften med Jens Sm\u00e6rup S\u00f8rensen\"}]},{\"@type\":\"WebSite\",\"@id\":\"https:\\\/\\\/morsoelitteraturforening.dk\\\/#website\",\"url\":\"https:\\\/\\\/morsoelitteraturforening.dk\\\/\",\"name\":\"\",\"description\":\"\",\"potentialAction\":[{\"@type\":\"SearchAction\",\"target\":{\"@type\":\"EntryPoint\",\"urlTemplate\":\"https:\\\/\\\/morsoelitteraturforening.dk\\\/?s={search_term_string}\"},\"query-input\":{\"@type\":\"PropertyValueSpecification\",\"valueRequired\":true,\"valueName\":\"search_term_string\"}}],\"inLanguage\":\"da-DK\"}]}<\/script>\n<!-- \/ Yoast SEO plugin. -->","yoast_head_json":{"title":"Forfatteraften med Jens Sm\u00e6rup S\u00f8rensen -","robots":{"index":"index","follow":"follow","max-snippet":"max-snippet:-1","max-image-preview":"max-image-preview:large","max-video-preview":"max-video-preview:-1"},"canonical":"https:\/\/morsoelitteraturforening.dk\/index.php\/forfatteraften-med-jens-smaerup-soerensen\/","og_locale":"da_DK","og_type":"article","og_title":"Forfatteraften med Jens Sm\u00e6rup S\u00f8rensen -","og_description":"St\u00f8berisalen, Mors\u00f8 Folkebibliotek, Holgersgade 7, 7900 Nyk\u00f8bing Mors Entr\u00e9: Gratis for medlemmer af Mors\u00f8 Litteraturforening \/ 75 kr. for ikke-medlemmer Onsdag den 24. januar kl. 19:30Forfatteraften med &#8211; Jens Sm\u00e6rup S\u00f8rensen Jens Sm\u00e6rup S\u00f8rensen vil fort\u00e6lle om sin seneste roman \u201cEvigt i tiden\u201d fra 2023. \u201cEvigt i tiden\u201d foreg\u00e5r i tre forskellige tidsaldre. Men personerne [&hellip;]","og_url":"https:\/\/morsoelitteraturforening.dk\/index.php\/forfatteraften-med-jens-smaerup-soerensen\/","article_modified_time":"2024-01-05T09:16:13+00:00","og_image":[{"url":"https:\/\/morsoelitteraturforening.dk\/wp-content\/uploads\/2023\/02\/AnneLiseMarstrandJorgensen_20feb23.jpg","type":"","width":"","height":""}],"twitter_card":"summary_large_image","twitter_misc":{"Estimeret l\u00e6setid":"2 minutter"},"schema":{"@context":"https:\/\/schema.org","@graph":[{"@type":"WebPage","@id":"https:\/\/morsoelitteraturforening.dk\/index.php\/forfatteraften-med-jens-smaerup-soerensen\/","url":"https:\/\/morsoelitteraturforening.dk\/index.php\/forfatteraften-med-jens-smaerup-soerensen\/","name":"Forfatteraften med Jens Sm\u00e6rup S\u00f8rensen -","isPartOf":{"@id":"https:\/\/morsoelitteraturforening.dk\/#website"},"primaryImageOfPage":{"@id":"https:\/\/morsoelitteraturforening.dk\/index.php\/forfatteraften-med-jens-smaerup-soerensen\/#primaryimage"},"image":{"@id":"https:\/\/morsoelitteraturforening.dk\/index.php\/forfatteraften-med-jens-smaerup-soerensen\/#primaryimage"},"thumbnailUrl":"https:\/\/morsoelitteraturforening.dk\/wp-content\/uploads\/2023\/02\/AnneLiseMarstrandJorgensen_20feb23.jpg","datePublished":"2024-01-04T20:43:55+00:00","dateModified":"2024-01-05T09:16:13+00:00","breadcrumb":{"@id":"https:\/\/morsoelitteraturforening.dk\/index.php\/forfatteraften-med-jens-smaerup-soerensen\/#breadcrumb"},"inLanguage":"da-DK","potentialAction":[{"@type":"ReadAction","target":["https:\/\/morsoelitteraturforening.dk\/index.php\/forfatteraften-med-jens-smaerup-soerensen\/"]}]},{"@type":"ImageObject","inLanguage":"da-DK","@id":"https:\/\/morsoelitteraturforening.dk\/index.php\/forfatteraften-med-jens-smaerup-soerensen\/#primaryimage","url":"https:\/\/morsoelitteraturforening.dk\/wp-content\/uploads\/2023\/02\/AnneLiseMarstrandJorgensen_20feb23.jpg","contentUrl":"https:\/\/morsoelitteraturforening.dk\/wp-content\/uploads\/2023\/02\/AnneLiseMarstrandJorgensen_20feb23.jpg","width":1200,"height":900},{"@type":"BreadcrumbList","@id":"https:\/\/morsoelitteraturforening.dk\/index.php\/forfatteraften-med-jens-smaerup-soerensen\/#breadcrumb","itemListElement":[{"@type":"ListItem","position":1,"name":"Hjem","item":"https:\/\/morsoelitteraturforening.dk\/"},{"@type":"ListItem","position":2,"name":"Forfatteraften med Jens Sm\u00e6rup S\u00f8rensen"}]},{"@type":"WebSite","@id":"https:\/\/morsoelitteraturforening.dk\/#website","url":"https:\/\/morsoelitteraturforening.dk\/","name":"","description":"","potentialAction":[{"@type":"SearchAction","target":{"@type":"EntryPoint","urlTemplate":"https:\/\/morsoelitteraturforening.dk\/?s={search_term_string}"},"query-input":{"@type":"PropertyValueSpecification","valueRequired":true,"valueName":"search_term_string"}}],"inLanguage":"da-DK"}]}},"_links":{"self":[{"href":"https:\/\/morsoelitteraturforening.dk\/index.php\/wp-json\/wp\/v2\/pages\/824","targetHints":{"allow":["GET"]}}],"collection":[{"href":"https:\/\/morsoelitteraturforening.dk\/index.php\/wp-json\/wp\/v2\/pages"}],"about":[{"href":"https:\/\/morsoelitteraturforening.dk\/index.php\/wp-json\/wp\/v2\/types\/page"}],"author":[{"embeddable":true,"href":"https:\/\/morsoelitteraturforening.dk\/index.php\/wp-json\/wp\/v2\/users\/3"}],"replies":[{"embeddable":true,"href":"https:\/\/morsoelitteraturforening.dk\/index.php\/wp-json\/wp\/v2\/comments?post=824"}],"version-history":[{"count":5,"href":"https:\/\/morsoelitteraturforening.dk\/index.php\/wp-json\/wp\/v2\/pages\/824\/revisions"}],"predecessor-version":[{"id":900,"href":"https:\/\/morsoelitteraturforening.dk\/index.php\/wp-json\/wp\/v2\/pages\/824\/revisions\/900"}],"wp:attachment":[{"href":"https:\/\/morsoelitteraturforening.dk\/index.php\/wp-json\/wp\/v2\/media?parent=824"}],"curies":[{"name":"wp","href":"https:\/\/api.w.org\/{rel}","templated":true}]}}