{"id":831,"date":"2024-01-04T20:49:08","date_gmt":"2024-01-04T20:49:08","guid":{"rendered":"https:\/\/morsoelitteraturforening.dk\/?page_id=831"},"modified":"2024-01-04T21:34:17","modified_gmt":"2024-01-04T21:34:17","slug":"forfatteraften-med-ditte-holm-bro","status":"publish","type":"page","link":"https:\/\/morsoelitteraturforening.dk\/index.php\/forfatteraften-med-ditte-holm-bro\/","title":{"rendered":"Forfatteraften med Ditte Holm Bro"},"content":{"rendered":"\n<div class=\"wp-block-group alignfull has-global-padding is-layout-constrained wp-container-core-group-is-layout-19e250f3 wp-block-group-is-layout-constrained\">\n<div class=\"wp-block-cover alignfull has-custom-content-position is-position-top-center aplo-has-filters\" style=\"padding-top:0;padding-right:0;padding-bottom:0;padding-left:0;min-height:300px;--aplo-filter-string:drop-shadow(0 2px 2px rgba(var(--aplo-fdsc), var(--aplo-fdso)));--aplo-clip:9%;aspect-ratio:unset;\"><span aria-hidden=\"true\" class=\"wp-block-cover__background has-background-dim-30 has-background-dim\"><\/span><img loading=\"lazy\" decoding=\"async\" width=\"1200\" height=\"900\" class=\"wp-block-cover__image-background wp-image-393\" alt=\"\" src=\"https:\/\/morsoelitteraturforening.dk\/wp-content\/uploads\/2023\/02\/AnneLiseMarstrandJorgensen_20feb23.jpg\" style=\"object-position:52% 45%\" data-object-fit=\"cover\" data-object-position=\"52% 45%\" srcset=\"https:\/\/morsoelitteraturforening.dk\/wp-content\/uploads\/2023\/02\/AnneLiseMarstrandJorgensen_20feb23.jpg 1200w, https:\/\/morsoelitteraturforening.dk\/wp-content\/uploads\/2023\/02\/AnneLiseMarstrandJorgensen_20feb23-300x225.jpg 300w, https:\/\/morsoelitteraturforening.dk\/wp-content\/uploads\/2023\/02\/AnneLiseMarstrandJorgensen_20feb23-1024x768.jpg 1024w, https:\/\/morsoelitteraturforening.dk\/wp-content\/uploads\/2023\/02\/AnneLiseMarstrandJorgensen_20feb23-768x576.jpg 768w\" sizes=\"auto, (max-width: 1200px) 100vw, 1200px\" \/><div class=\"wp-block-cover__inner-container is-layout-flow wp-block-cover-is-layout-flow\">\n<div style=\"height:60px\" aria-hidden=\"true\" class=\"wp-block-spacer\"><\/div>\n\n\n\n<h2 class=\"wp-block-heading has-text-align-center has-base-color has-text-color has-x-large-font-size aploanim fadeup \" style=\"margin-top:0;margin-right:0;margin-bottom:0;margin-left:0;--aplo-tedu:1000ms\">Mandag den 1. januar 2000<\/h2>\n<\/div><\/div>\n\n\n\n<div class=\"wp-block-group alignwide has-base-background-color has-background aploanim fadeup  aplo-has-hover-filters aplo-has-pull-styles has-global-padding is-layout-constrained wp-container-core-group-is-layout-d52d615c wp-block-group-is-layout-constrained\" style=\"border-radius:5px;padding-top:var(--wp--preset--spacing--30);padding-right:var(--wp--preset--spacing--20);padding-bottom:var(--wp--preset--spacing--20);padding-left:var(--wp--preset--spacing--20);--aplo-filter-hover-string:;--aplo-tedu:750ms;position:relative;z-index:2;margin-top:-81px\">\n<p class=\"has-text-align-center has-link-color wp-elements-7452d05a5647f41b64581bcf0f18137c\">St\u00f8berisalen, Mors\u00f8 Folkebibliotek, Holgersgade 7, 7900 Nyk\u00f8bing Mors<\/p>\n\n\n\n<p class=\"has-text-align-center\">Entr\u00e9: Gratis for medlemmer af Mors\u00f8 Litteraturforening \/ 75 kr. for ikke-medlemmer<\/p>\n<\/div>\n<\/div>\n\n\n\n<div class=\"wp-block-columns is-layout-flex wp-container-core-columns-is-layout-28f84493 wp-block-columns-is-layout-flex\">\n<div class=\"wp-block-column is-layout-flow wp-block-column-is-layout-flow\" style=\"flex-basis:100%\">\n<div class=\"wp-block-group has-global-padding is-layout-constrained wp-block-group-is-layout-constrained\" style=\"padding-top:0;padding-bottom:var(--wp--preset--spacing--20)\">\n<div class=\"wp-block-columns is-layout-flex wp-container-core-columns-is-layout-28f84493 wp-block-columns-is-layout-flex\">\n<div class=\"wp-block-column is-layout-flow wp-block-column-is-layout-flow\" style=\"padding-top:var(--wp--preset--spacing--30);padding-bottom:var(--wp--preset--spacing--40)\">\n<div class=\"wp-block-columns is-not-stacked-on-mobile is-layout-flex wp-container-core-columns-is-layout-28232c24 wp-block-columns-is-layout-flex\">\n<div class=\"wp-block-column aploanim fadeup  aplo-has-filters aplo-has-transforms aplo-has-pull-styles is-layout-flow wp-block-column-is-layout-flow\" style=\"padding-bottom:var(--wp--preset--spacing--30);--aplo-filter-string:drop-shadow(5px 5px 5px rgba(var(--aplo-fdsc), var(--aplo-fdso)));--aplo-transform-string:translateY(15px) ;--aplo-tede:250ms\">\n<div class=\"wp-block-group aploanim fadeup  aplo-has-pull-styles has-global-padding is-layout-constrained wp-block-group-is-layout-constrained\">\n<figure class=\"wp-block-image size-large\"><img loading=\"lazy\" decoding=\"async\" width=\"685\" height=\"1029\" src=\"https:\/\/morsoelitteraturforening.dk\/wp-content\/uploads\/2024\/01\/DHB-edited.jpg\" alt=\"\" class=\"wp-image-858\" srcset=\"https:\/\/morsoelitteraturforening.dk\/wp-content\/uploads\/2024\/01\/DHB-edited.jpg 685w, https:\/\/morsoelitteraturforening.dk\/wp-content\/uploads\/2024\/01\/DHB-edited-200x300.jpg 200w, https:\/\/morsoelitteraturforening.dk\/wp-content\/uploads\/2024\/01\/DHB-edited-682x1024.jpg 682w\" sizes=\"auto, (max-width: 685px) 100vw, 685px\" \/><figcaption class=\"wp-element-caption\">Ditte Holm Bro<br>Foto: Daniel Hjort<\/figcaption><\/figure>\n<\/div>\n<\/div>\n<\/div>\n<\/div>\n\n\n\n<div class=\"wp-block-column is-vertically-aligned-center has-base-color has-contrast-background-color has-text-color has-background aplo-has-filters is-layout-flow wp-block-column-is-layout-flow\" style=\"padding-top:var(--wp--preset--spacing--30);padding-right:var(--wp--preset--spacing--30);padding-bottom:var(--wp--preset--spacing--30);padding-left:var(--wp--preset--spacing--30);flex-basis:55%;--aplo-filter-string:drop-shadow(3px 3px 3px rgba(var(--aplo-fdsc), var(--aplo-fdso)))\">\n<p class=\"\"><strong>Onsdag den 3. april kl. 19:30<\/strong><\/p>\n\n\n\n<p class=\"\"><strong>Forfatteraften med<\/strong> <strong>Ditte Holm Bro<\/strong><\/p>\n\n\n\n<p class=\"\">Ditte Holm Bro (f. 1985) er uddannet fra skriveskoler i G\u00f6teborg og i Bergen. Hun er f\u00f8dt og opvokset i Vestjylland, hvilket er en tydelig kilde til inspiration i hendes forfatterskab.<\/p>\n\n\n\n<p class=\"\">Debutromanen <em>\u201cFladland\u201d<\/em> udkom i 2021. Hendes seneste roman \u201cHver <em>gang du tr\u00e6kker vejret, ind\u00e5nder du st\u00f8vet fra vores knogler\u201d<\/em> fra 2023 har f\u00e5et folk til at f\u00e5 \u00f8jnene op for hendes forfatterskab. I romanen f\u00f8lger vi de to vestjyske husm\u00f8dre, Valborg og Johanne, der indg\u00e5r i et t\u00e6t og kompliceret venskab, alt imens de f\u00f8ler sig fanget i 1950\u2019ernes traditionelle k\u00f8nsroller.<\/p>\n\n\n\n<p class=\"\">Med dette v\u00e6rk \u00e5bner Ditte Holm Bro op for en dyb og universel forbundethed i moderskab og kvindeliv i \u00e5rhundreder.<\/p>\n\n\n\n<p class=\"\"><em>\u201cHver gang du tr\u00e6kker vejret, ind\u00e5nder du st\u00f8vet fra vores knogler\u201d <\/em>er nomineret til DR Romanprisen 2024 for at v\u00e6re en st\u00e6rk og poetisk fort\u00e6lling, som l\u00e6gger op til debat om kvindeliv og ligestilling i b\u00e5de fortid og nutid. <br><\/p>\n\n\n\n<p class=\"\"><em>Arrangementet er st\u00f8ttet af Statens Kunstfond.<\/em><\/p>\n<\/div>\n<\/div>\n<\/div>\n<\/div>\n<\/div>\n","protected":false},"excerpt":{"rendered":"<p>St\u00f8berisalen, Mors\u00f8 Folkebibliotek, Holgersgade 7, 7900 Nyk\u00f8bing Mors Entr\u00e9: Gratis for medlemmer af Mors\u00f8 Litteraturforening \/ 75 kr. for ikke-medlemmer Onsdag den 3. april kl. 19:30 Forfatteraften med Ditte Holm Bro Ditte Holm Bro (f. 1985) er uddannet fra skriveskoler i G\u00f6teborg og i Bergen. Hun er f\u00f8dt og opvokset i Vestjylland, hvilket er en [&hellip;]<\/p>\n","protected":false},"author":3,"featured_media":0,"parent":0,"menu_order":0,"comment_status":"closed","ping_status":"closed","template":"","meta":{"_editorskit_title_hidden":false,"_editorskit_reading_time":0,"_editorskit_is_block_options_detached":false,"_editorskit_block_options_position":"{}","footnotes":""},"class_list":["post-831","page","type-page","status-publish","hentry"],"yoast_head":"<!-- This site is optimized with the Yoast SEO plugin v27.4 - https:\/\/yoast.com\/product\/yoast-seo-wordpress\/ -->\n<title>Forfatteraften med Ditte Holm Bro -<\/title>\n<meta name=\"robots\" content=\"index, follow, max-snippet:-1, max-image-preview:large, max-video-preview:-1\" \/>\n<link rel=\"canonical\" href=\"https:\/\/morsoelitteraturforening.dk\/index.php\/forfatteraften-med-ditte-holm-bro\/\" \/>\n<meta property=\"og:locale\" content=\"da_DK\" \/>\n<meta property=\"og:type\" content=\"article\" \/>\n<meta property=\"og:title\" content=\"Forfatteraften med Ditte Holm Bro -\" \/>\n<meta property=\"og:description\" content=\"St\u00f8berisalen, Mors\u00f8 Folkebibliotek, Holgersgade 7, 7900 Nyk\u00f8bing Mors Entr\u00e9: Gratis for medlemmer af Mors\u00f8 Litteraturforening \/ 75 kr. for ikke-medlemmer Onsdag den 3. april kl. 19:30 Forfatteraften med Ditte Holm Bro Ditte Holm Bro (f. 1985) er uddannet fra skriveskoler i G\u00f6teborg og i Bergen. Hun er f\u00f8dt og opvokset i Vestjylland, hvilket er en [&hellip;]\" \/>\n<meta property=\"og:url\" content=\"https:\/\/morsoelitteraturforening.dk\/index.php\/forfatteraften-med-ditte-holm-bro\/\" \/>\n<meta property=\"article:modified_time\" content=\"2024-01-04T21:34:17+00:00\" \/>\n<meta property=\"og:image\" content=\"https:\/\/morsoelitteraturforening.dk\/wp-content\/uploads\/2023\/02\/AnneLiseMarstrandJorgensen_20feb23.jpg\" \/>\n<meta name=\"twitter:card\" content=\"summary_large_image\" \/>\n<meta name=\"twitter:label1\" content=\"Estimeret l\u00e6setid\" \/>\n\t<meta name=\"twitter:data1\" content=\"2 minutter\" \/>\n<script type=\"application\/ld+json\" class=\"yoast-schema-graph\">{\"@context\":\"https:\\\/\\\/schema.org\",\"@graph\":[{\"@type\":\"WebPage\",\"@id\":\"https:\\\/\\\/morsoelitteraturforening.dk\\\/index.php\\\/forfatteraften-med-ditte-holm-bro\\\/\",\"url\":\"https:\\\/\\\/morsoelitteraturforening.dk\\\/index.php\\\/forfatteraften-med-ditte-holm-bro\\\/\",\"name\":\"Forfatteraften med Ditte Holm Bro -\",\"isPartOf\":{\"@id\":\"https:\\\/\\\/morsoelitteraturforening.dk\\\/#website\"},\"primaryImageOfPage\":{\"@id\":\"https:\\\/\\\/morsoelitteraturforening.dk\\\/index.php\\\/forfatteraften-med-ditte-holm-bro\\\/#primaryimage\"},\"image\":{\"@id\":\"https:\\\/\\\/morsoelitteraturforening.dk\\\/index.php\\\/forfatteraften-med-ditte-holm-bro\\\/#primaryimage\"},\"thumbnailUrl\":\"https:\\\/\\\/morsoelitteraturforening.dk\\\/wp-content\\\/uploads\\\/2023\\\/02\\\/AnneLiseMarstrandJorgensen_20feb23.jpg\",\"datePublished\":\"2024-01-04T20:49:08+00:00\",\"dateModified\":\"2024-01-04T21:34:17+00:00\",\"breadcrumb\":{\"@id\":\"https:\\\/\\\/morsoelitteraturforening.dk\\\/index.php\\\/forfatteraften-med-ditte-holm-bro\\\/#breadcrumb\"},\"inLanguage\":\"da-DK\",\"potentialAction\":[{\"@type\":\"ReadAction\",\"target\":[\"https:\\\/\\\/morsoelitteraturforening.dk\\\/index.php\\\/forfatteraften-med-ditte-holm-bro\\\/\"]}]},{\"@type\":\"ImageObject\",\"inLanguage\":\"da-DK\",\"@id\":\"https:\\\/\\\/morsoelitteraturforening.dk\\\/index.php\\\/forfatteraften-med-ditte-holm-bro\\\/#primaryimage\",\"url\":\"https:\\\/\\\/morsoelitteraturforening.dk\\\/wp-content\\\/uploads\\\/2023\\\/02\\\/AnneLiseMarstrandJorgensen_20feb23.jpg\",\"contentUrl\":\"https:\\\/\\\/morsoelitteraturforening.dk\\\/wp-content\\\/uploads\\\/2023\\\/02\\\/AnneLiseMarstrandJorgensen_20feb23.jpg\",\"width\":1200,\"height\":900},{\"@type\":\"BreadcrumbList\",\"@id\":\"https:\\\/\\\/morsoelitteraturforening.dk\\\/index.php\\\/forfatteraften-med-ditte-holm-bro\\\/#breadcrumb\",\"itemListElement\":[{\"@type\":\"ListItem\",\"position\":1,\"name\":\"Hjem\",\"item\":\"https:\\\/\\\/morsoelitteraturforening.dk\\\/\"},{\"@type\":\"ListItem\",\"position\":2,\"name\":\"Forfatteraften med Ditte Holm Bro\"}]},{\"@type\":\"WebSite\",\"@id\":\"https:\\\/\\\/morsoelitteraturforening.dk\\\/#website\",\"url\":\"https:\\\/\\\/morsoelitteraturforening.dk\\\/\",\"name\":\"\",\"description\":\"\",\"potentialAction\":[{\"@type\":\"SearchAction\",\"target\":{\"@type\":\"EntryPoint\",\"urlTemplate\":\"https:\\\/\\\/morsoelitteraturforening.dk\\\/?s={search_term_string}\"},\"query-input\":{\"@type\":\"PropertyValueSpecification\",\"valueRequired\":true,\"valueName\":\"search_term_string\"}}],\"inLanguage\":\"da-DK\"}]}<\/script>\n<!-- \/ Yoast SEO plugin. -->","yoast_head_json":{"title":"Forfatteraften med Ditte Holm Bro -","robots":{"index":"index","follow":"follow","max-snippet":"max-snippet:-1","max-image-preview":"max-image-preview:large","max-video-preview":"max-video-preview:-1"},"canonical":"https:\/\/morsoelitteraturforening.dk\/index.php\/forfatteraften-med-ditte-holm-bro\/","og_locale":"da_DK","og_type":"article","og_title":"Forfatteraften med Ditte Holm Bro -","og_description":"St\u00f8berisalen, Mors\u00f8 Folkebibliotek, Holgersgade 7, 7900 Nyk\u00f8bing Mors Entr\u00e9: Gratis for medlemmer af Mors\u00f8 Litteraturforening \/ 75 kr. for ikke-medlemmer Onsdag den 3. april kl. 19:30 Forfatteraften med Ditte Holm Bro Ditte Holm Bro (f. 1985) er uddannet fra skriveskoler i G\u00f6teborg og i Bergen. Hun er f\u00f8dt og opvokset i Vestjylland, hvilket er en [&hellip;]","og_url":"https:\/\/morsoelitteraturforening.dk\/index.php\/forfatteraften-med-ditte-holm-bro\/","article_modified_time":"2024-01-04T21:34:17+00:00","og_image":[{"url":"https:\/\/morsoelitteraturforening.dk\/wp-content\/uploads\/2023\/02\/AnneLiseMarstrandJorgensen_20feb23.jpg","type":"","width":"","height":""}],"twitter_card":"summary_large_image","twitter_misc":{"Estimeret l\u00e6setid":"2 minutter"},"schema":{"@context":"https:\/\/schema.org","@graph":[{"@type":"WebPage","@id":"https:\/\/morsoelitteraturforening.dk\/index.php\/forfatteraften-med-ditte-holm-bro\/","url":"https:\/\/morsoelitteraturforening.dk\/index.php\/forfatteraften-med-ditte-holm-bro\/","name":"Forfatteraften med Ditte Holm Bro -","isPartOf":{"@id":"https:\/\/morsoelitteraturforening.dk\/#website"},"primaryImageOfPage":{"@id":"https:\/\/morsoelitteraturforening.dk\/index.php\/forfatteraften-med-ditte-holm-bro\/#primaryimage"},"image":{"@id":"https:\/\/morsoelitteraturforening.dk\/index.php\/forfatteraften-med-ditte-holm-bro\/#primaryimage"},"thumbnailUrl":"https:\/\/morsoelitteraturforening.dk\/wp-content\/uploads\/2023\/02\/AnneLiseMarstrandJorgensen_20feb23.jpg","datePublished":"2024-01-04T20:49:08+00:00","dateModified":"2024-01-04T21:34:17+00:00","breadcrumb":{"@id":"https:\/\/morsoelitteraturforening.dk\/index.php\/forfatteraften-med-ditte-holm-bro\/#breadcrumb"},"inLanguage":"da-DK","potentialAction":[{"@type":"ReadAction","target":["https:\/\/morsoelitteraturforening.dk\/index.php\/forfatteraften-med-ditte-holm-bro\/"]}]},{"@type":"ImageObject","inLanguage":"da-DK","@id":"https:\/\/morsoelitteraturforening.dk\/index.php\/forfatteraften-med-ditte-holm-bro\/#primaryimage","url":"https:\/\/morsoelitteraturforening.dk\/wp-content\/uploads\/2023\/02\/AnneLiseMarstrandJorgensen_20feb23.jpg","contentUrl":"https:\/\/morsoelitteraturforening.dk\/wp-content\/uploads\/2023\/02\/AnneLiseMarstrandJorgensen_20feb23.jpg","width":1200,"height":900},{"@type":"BreadcrumbList","@id":"https:\/\/morsoelitteraturforening.dk\/index.php\/forfatteraften-med-ditte-holm-bro\/#breadcrumb","itemListElement":[{"@type":"ListItem","position":1,"name":"Hjem","item":"https:\/\/morsoelitteraturforening.dk\/"},{"@type":"ListItem","position":2,"name":"Forfatteraften med Ditte Holm Bro"}]},{"@type":"WebSite","@id":"https:\/\/morsoelitteraturforening.dk\/#website","url":"https:\/\/morsoelitteraturforening.dk\/","name":"","description":"","potentialAction":[{"@type":"SearchAction","target":{"@type":"EntryPoint","urlTemplate":"https:\/\/morsoelitteraturforening.dk\/?s={search_term_string}"},"query-input":{"@type":"PropertyValueSpecification","valueRequired":true,"valueName":"search_term_string"}}],"inLanguage":"da-DK"}]}},"_links":{"self":[{"href":"https:\/\/morsoelitteraturforening.dk\/index.php\/wp-json\/wp\/v2\/pages\/831","targetHints":{"allow":["GET"]}}],"collection":[{"href":"https:\/\/morsoelitteraturforening.dk\/index.php\/wp-json\/wp\/v2\/pages"}],"about":[{"href":"https:\/\/morsoelitteraturforening.dk\/index.php\/wp-json\/wp\/v2\/types\/page"}],"author":[{"embeddable":true,"href":"https:\/\/morsoelitteraturforening.dk\/index.php\/wp-json\/wp\/v2\/users\/3"}],"replies":[{"embeddable":true,"href":"https:\/\/morsoelitteraturforening.dk\/index.php\/wp-json\/wp\/v2\/comments?post=831"}],"version-history":[{"count":3,"href":"https:\/\/morsoelitteraturforening.dk\/index.php\/wp-json\/wp\/v2\/pages\/831\/revisions"}],"predecessor-version":[{"id":863,"href":"https:\/\/morsoelitteraturforening.dk\/index.php\/wp-json\/wp\/v2\/pages\/831\/revisions\/863"}],"wp:attachment":[{"href":"https:\/\/morsoelitteraturforening.dk\/index.php\/wp-json\/wp\/v2\/media?parent=831"}],"curies":[{"name":"wp","href":"https:\/\/api.w.org\/{rel}","templated":true}]}}