{"id":991,"date":"2024-12-12T13:13:21","date_gmt":"2024-12-12T13:13:21","guid":{"rendered":"https:\/\/morsoelitteraturforening.dk\/?page_id=991"},"modified":"2025-01-05T11:44:16","modified_gmt":"2025-01-05T11:44:16","slug":"forfatteraften-med-jesper-bugge-kold","status":"publish","type":"page","link":"https:\/\/morsoelitteraturforening.dk\/index.php\/forfatteraften-med-jesper-bugge-kold\/","title":{"rendered":"Forfatteraften med Jesper Bugge Kold"},"content":{"rendered":"\n<div class=\"wp-block-group alignfull has-global-padding is-layout-constrained wp-container-core-group-is-layout-19e250f3 wp-block-group-is-layout-constrained\">\n<div class=\"wp-block-cover alignfull has-custom-content-position is-position-top-center aplo-has-filters\" style=\"padding-top:0;padding-right:0;padding-bottom:0;padding-left:0;min-height:300px;--aplo-filter-string:drop-shadow(0 2px 2px rgba(var(--aplo-fdsc), var(--aplo-fdso)));--aplo-clip:9%;aspect-ratio:unset;\"><span aria-hidden=\"true\" class=\"wp-block-cover__background has-background-dim-30 has-background-dim\"><\/span><img loading=\"lazy\" decoding=\"async\" width=\"1200\" height=\"900\" class=\"wp-block-cover__image-background wp-image-393\" alt=\"\" src=\"https:\/\/morsoelitteraturforening.dk\/wp-content\/uploads\/2023\/02\/AnneLiseMarstrandJorgensen_20feb23.jpg\" style=\"object-position:52% 45%\" data-object-fit=\"cover\" data-object-position=\"52% 45%\" srcset=\"https:\/\/morsoelitteraturforening.dk\/wp-content\/uploads\/2023\/02\/AnneLiseMarstrandJorgensen_20feb23.jpg 1200w, https:\/\/morsoelitteraturforening.dk\/wp-content\/uploads\/2023\/02\/AnneLiseMarstrandJorgensen_20feb23-300x225.jpg 300w, https:\/\/morsoelitteraturforening.dk\/wp-content\/uploads\/2023\/02\/AnneLiseMarstrandJorgensen_20feb23-1024x768.jpg 1024w, https:\/\/morsoelitteraturforening.dk\/wp-content\/uploads\/2023\/02\/AnneLiseMarstrandJorgensen_20feb23-768x576.jpg 768w\" sizes=\"auto, (max-width: 1200px) 100vw, 1200px\" \/><div class=\"wp-block-cover__inner-container is-layout-flow wp-block-cover-is-layout-flow\">\n<div style=\"height:60px\" aria-hidden=\"true\" class=\"wp-block-spacer\"><\/div>\n\n\n\n<h2 class=\"wp-block-heading has-text-align-center has-base-color has-text-color has-x-large-font-size aploanim fadeup \" style=\"margin-top:0;margin-right:0;margin-bottom:0;margin-left:0;--aplo-tedu:1000ms\">Tirsdag den  4. marts 2024<\/h2>\n<\/div><\/div>\n\n\n\n<div class=\"wp-block-group alignwide has-base-background-color has-background aploanim fadeup  aplo-has-hover-filters aplo-has-pull-styles has-global-padding is-layout-constrained wp-container-core-group-is-layout-d52d615c wp-block-group-is-layout-constrained\" style=\"border-radius:5px;padding-top:var(--wp--preset--spacing--30);padding-right:var(--wp--preset--spacing--20);padding-bottom:var(--wp--preset--spacing--20);padding-left:var(--wp--preset--spacing--20);--aplo-filter-hover-string:;--aplo-tedu:750ms;position:relative;z-index:2;margin-top:-81px\">\n<p class=\"has-text-align-center has-link-color wp-elements-7452d05a5647f41b64581bcf0f18137c\">St\u00f8berisalen, Mors\u00f8 Folkebibliotek, Holgersgade 7, 7900 Nyk\u00f8bing Mors<\/p>\n\n\n\n<p class=\"has-text-align-center\">Entr\u00e9: Gratis for medlemmer af Mors\u00f8 Litteraturforening \/ 75 kr. for ikke-medlemmer<\/p>\n<\/div>\n<\/div>\n\n\n\n<div class=\"wp-block-columns is-layout-flex wp-container-core-columns-is-layout-28f84493 wp-block-columns-is-layout-flex\">\n<div class=\"wp-block-column is-layout-flow wp-block-column-is-layout-flow\" style=\"flex-basis:100%\">\n<div class=\"wp-block-group has-global-padding is-layout-constrained wp-block-group-is-layout-constrained\" style=\"padding-top:0;padding-bottom:var(--wp--preset--spacing--20)\">\n<div class=\"wp-block-columns is-layout-flex wp-container-core-columns-is-layout-28f84493 wp-block-columns-is-layout-flex\">\n<div class=\"wp-block-column is-layout-flow wp-block-column-is-layout-flow\" style=\"padding-top:var(--wp--preset--spacing--30);padding-bottom:var(--wp--preset--spacing--40)\">\n<div class=\"wp-block-columns is-not-stacked-on-mobile is-layout-flex wp-container-core-columns-is-layout-28232c24 wp-block-columns-is-layout-flex\">\n<div class=\"wp-block-column aploanim fadeup  aplo-has-filters aplo-has-transforms aplo-has-pull-styles is-layout-flow wp-block-column-is-layout-flow\" style=\"padding-bottom:var(--wp--preset--spacing--30);--aplo-filter-string:drop-shadow(5px 5px 5px rgba(var(--aplo-fdsc), var(--aplo-fdso)));--aplo-transform-string:translateY(15px) ;--aplo-tede:250ms\">\n<div class=\"wp-block-group aploanim fadeup  aplo-has-pull-styles has-global-padding is-layout-constrained wp-block-group-is-layout-constrained\">\n<figure class=\"wp-block-image size-full\"><img loading=\"lazy\" decoding=\"async\" width=\"600\" height=\"800\" src=\"https:\/\/morsoelitteraturforening.dk\/wp-content\/uploads\/2025\/01\/JBK-ny-600x800-1.jpg\" alt=\"\" class=\"wp-image-1039\" srcset=\"https:\/\/morsoelitteraturforening.dk\/wp-content\/uploads\/2025\/01\/JBK-ny-600x800-1.jpg 600w, https:\/\/morsoelitteraturforening.dk\/wp-content\/uploads\/2025\/01\/JBK-ny-600x800-1-225x300.jpg 225w\" sizes=\"auto, (max-width: 600px) 100vw, 600px\" \/><figcaption class=\"wp-element-caption\">Jesper Bugge Kold <br>Foto: Christian Petersen<\/figcaption><\/figure>\n<\/div>\n<\/div>\n<\/div>\n<\/div>\n\n\n\n<div class=\"wp-block-column is-vertically-aligned-center has-base-color has-contrast-background-color has-text-color has-background aplo-has-filters is-layout-flow wp-block-column-is-layout-flow\" style=\"padding-top:var(--wp--preset--spacing--30);padding-right:var(--wp--preset--spacing--30);padding-bottom:var(--wp--preset--spacing--30);padding-left:var(--wp--preset--spacing--30);flex-basis:55%;--aplo-filter-string:drop-shadow(3px 3px 3px rgba(var(--aplo-fdsc), var(--aplo-fdso)))\">\n<p class=\"\"><strong>Tirsdag den 4. marts kl. 19:30<\/strong><br><strong>Forfatteraften med Jesper Bugge Kold<\/strong><\/p>\n\n\n\n<p class=\"\">Jesper Bugge Kold debuterede som forfatter i 2014 med romanen <em>\u201c Vinterm\u00e6nd\u201d.<br><br><\/em>Han har en r\u00e6kke romaner bag sig, bl.a.&nbsp; to romaner skrevet sammen med Mich Vraa <em>\u201cPigen fra det store hvide skib\u201d <\/em>(2021) og <em>\u201cTre dage i april\u201d <\/em>(2022).<br><br>Seneste roman fra Jesper Bugge Kold er <em>\u201c Hvor vinden vender\u201d<\/em> (2024), hvor vi f\u00f8lger kvinden Johanne, der i 1878 drager den farefulde f\u00e6rd over Atlanterhavet med sine b\u00f8rn for sammen med sin mand, der er rejst i forvejen for at finde jord, at begynde et nyt liv i Amerika.<br>Romanen er inspireret af historiske vidnesbyrd fra de hundredtusinder af danskere, der udvandrede til Amerika i 1800-tallet, drevet af dr\u00f8mmen om et bedre liv.<br><em>\u201cHvor vinden vender\u201d<\/em> er en fort\u00e6lling om en kvinde, der fors\u00f8ger at trodse sin sk\u00e6bne. Det er en historie om mod, om venskaber og ikke mindst om den sv\u00e6re k\u00e6rlighed mellem to mennesker.<br><br><em>Jesper Bugge Kold har en kandidatgrad fra IT-universitetet og en bachelor fra Danmarks Biblioteksskole. Han arbejder p\u00e5 et bibliotek og har tidligere arbejdet som sportsjournalist p\u00e5 TV2 Sport og Viasat Sport.<\/em><\/p>\n<\/div>\n<\/div>\n<\/div>\n<\/div>\n<\/div>\n\n\n\n<p class=\"\"><\/p>\n","protected":false},"excerpt":{"rendered":"<p>St\u00f8berisalen, Mors\u00f8 Folkebibliotek, Holgersgade 7, 7900 Nyk\u00f8bing Mors Entr\u00e9: Gratis for medlemmer af Mors\u00f8 Litteraturforening \/ 75 kr. for ikke-medlemmer Tirsdag den 4. marts kl. 19:30Forfatteraften med Jesper Bugge Kold Jesper Bugge Kold debuterede som forfatter i 2014 med romanen \u201c Vinterm\u00e6nd\u201d. Han har en r\u00e6kke romaner bag sig, bl.a.&nbsp; to romaner skrevet sammen med [&hellip;]<\/p>\n","protected":false},"author":3,"featured_media":0,"parent":0,"menu_order":0,"comment_status":"closed","ping_status":"closed","template":"","meta":{"_editorskit_title_hidden":false,"_editorskit_reading_time":0,"_editorskit_is_block_options_detached":false,"_editorskit_block_options_position":"{}","footnotes":""},"class_list":["post-991","page","type-page","status-publish","hentry"],"yoast_head":"<!-- This site is optimized with the Yoast SEO plugin v27.4 - https:\/\/yoast.com\/product\/yoast-seo-wordpress\/ -->\n<title>Forfatteraften med Jesper Bugge Kold -<\/title>\n<meta name=\"robots\" content=\"index, follow, max-snippet:-1, max-image-preview:large, max-video-preview:-1\" \/>\n<link rel=\"canonical\" href=\"https:\/\/morsoelitteraturforening.dk\/index.php\/forfatteraften-med-jesper-bugge-kold\/\" \/>\n<meta property=\"og:locale\" content=\"da_DK\" \/>\n<meta property=\"og:type\" content=\"article\" \/>\n<meta property=\"og:title\" content=\"Forfatteraften med Jesper Bugge Kold -\" \/>\n<meta property=\"og:description\" content=\"St\u00f8berisalen, Mors\u00f8 Folkebibliotek, Holgersgade 7, 7900 Nyk\u00f8bing Mors Entr\u00e9: Gratis for medlemmer af Mors\u00f8 Litteraturforening \/ 75 kr. for ikke-medlemmer Tirsdag den 4. marts kl. 19:30Forfatteraften med Jesper Bugge Kold Jesper Bugge Kold debuterede som forfatter i 2014 med romanen \u201c Vinterm\u00e6nd\u201d. Han har en r\u00e6kke romaner bag sig, bl.a.&nbsp; to romaner skrevet sammen med [&hellip;]\" \/>\n<meta property=\"og:url\" content=\"https:\/\/morsoelitteraturforening.dk\/index.php\/forfatteraften-med-jesper-bugge-kold\/\" \/>\n<meta property=\"article:modified_time\" content=\"2025-01-05T11:44:16+00:00\" \/>\n<meta property=\"og:image\" content=\"https:\/\/morsoelitteraturforening.dk\/wp-content\/uploads\/2023\/02\/AnneLiseMarstrandJorgensen_20feb23.jpg\" \/>\n\t<meta property=\"og:image:width\" content=\"1200\" \/>\n\t<meta property=\"og:image:height\" content=\"900\" \/>\n\t<meta property=\"og:image:type\" content=\"image\/jpeg\" \/>\n<meta name=\"twitter:card\" content=\"summary_large_image\" \/>\n<meta name=\"twitter:label1\" content=\"Estimeret l\u00e6setid\" \/>\n\t<meta name=\"twitter:data1\" content=\"2 minutter\" \/>\n<script type=\"application\/ld+json\" class=\"yoast-schema-graph\">{\"@context\":\"https:\\\/\\\/schema.org\",\"@graph\":[{\"@type\":\"WebPage\",\"@id\":\"https:\\\/\\\/morsoelitteraturforening.dk\\\/index.php\\\/forfatteraften-med-jesper-bugge-kold\\\/\",\"url\":\"https:\\\/\\\/morsoelitteraturforening.dk\\\/index.php\\\/forfatteraften-med-jesper-bugge-kold\\\/\",\"name\":\"Forfatteraften med Jesper Bugge Kold -\",\"isPartOf\":{\"@id\":\"https:\\\/\\\/morsoelitteraturforening.dk\\\/#website\"},\"primaryImageOfPage\":{\"@id\":\"https:\\\/\\\/morsoelitteraturforening.dk\\\/index.php\\\/forfatteraften-med-jesper-bugge-kold\\\/#primaryimage\"},\"image\":{\"@id\":\"https:\\\/\\\/morsoelitteraturforening.dk\\\/index.php\\\/forfatteraften-med-jesper-bugge-kold\\\/#primaryimage\"},\"thumbnailUrl\":\"https:\\\/\\\/morsoelitteraturforening.dk\\\/wp-content\\\/uploads\\\/2023\\\/02\\\/AnneLiseMarstrandJorgensen_20feb23.jpg\",\"datePublished\":\"2024-12-12T13:13:21+00:00\",\"dateModified\":\"2025-01-05T11:44:16+00:00\",\"breadcrumb\":{\"@id\":\"https:\\\/\\\/morsoelitteraturforening.dk\\\/index.php\\\/forfatteraften-med-jesper-bugge-kold\\\/#breadcrumb\"},\"inLanguage\":\"da-DK\",\"potentialAction\":[{\"@type\":\"ReadAction\",\"target\":[\"https:\\\/\\\/morsoelitteraturforening.dk\\\/index.php\\\/forfatteraften-med-jesper-bugge-kold\\\/\"]}]},{\"@type\":\"ImageObject\",\"inLanguage\":\"da-DK\",\"@id\":\"https:\\\/\\\/morsoelitteraturforening.dk\\\/index.php\\\/forfatteraften-med-jesper-bugge-kold\\\/#primaryimage\",\"url\":\"https:\\\/\\\/morsoelitteraturforening.dk\\\/wp-content\\\/uploads\\\/2023\\\/02\\\/AnneLiseMarstrandJorgensen_20feb23.jpg\",\"contentUrl\":\"https:\\\/\\\/morsoelitteraturforening.dk\\\/wp-content\\\/uploads\\\/2023\\\/02\\\/AnneLiseMarstrandJorgensen_20feb23.jpg\",\"width\":1200,\"height\":900},{\"@type\":\"BreadcrumbList\",\"@id\":\"https:\\\/\\\/morsoelitteraturforening.dk\\\/index.php\\\/forfatteraften-med-jesper-bugge-kold\\\/#breadcrumb\",\"itemListElement\":[{\"@type\":\"ListItem\",\"position\":1,\"name\":\"Hjem\",\"item\":\"https:\\\/\\\/morsoelitteraturforening.dk\\\/\"},{\"@type\":\"ListItem\",\"position\":2,\"name\":\"Forfatteraften med Jesper Bugge Kold\"}]},{\"@type\":\"WebSite\",\"@id\":\"https:\\\/\\\/morsoelitteraturforening.dk\\\/#website\",\"url\":\"https:\\\/\\\/morsoelitteraturforening.dk\\\/\",\"name\":\"\",\"description\":\"\",\"potentialAction\":[{\"@type\":\"SearchAction\",\"target\":{\"@type\":\"EntryPoint\",\"urlTemplate\":\"https:\\\/\\\/morsoelitteraturforening.dk\\\/?s={search_term_string}\"},\"query-input\":{\"@type\":\"PropertyValueSpecification\",\"valueRequired\":true,\"valueName\":\"search_term_string\"}}],\"inLanguage\":\"da-DK\"}]}<\/script>\n<!-- \/ Yoast SEO plugin. -->","yoast_head_json":{"title":"Forfatteraften med Jesper Bugge Kold -","robots":{"index":"index","follow":"follow","max-snippet":"max-snippet:-1","max-image-preview":"max-image-preview:large","max-video-preview":"max-video-preview:-1"},"canonical":"https:\/\/morsoelitteraturforening.dk\/index.php\/forfatteraften-med-jesper-bugge-kold\/","og_locale":"da_DK","og_type":"article","og_title":"Forfatteraften med Jesper Bugge Kold -","og_description":"St\u00f8berisalen, Mors\u00f8 Folkebibliotek, Holgersgade 7, 7900 Nyk\u00f8bing Mors Entr\u00e9: Gratis for medlemmer af Mors\u00f8 Litteraturforening \/ 75 kr. for ikke-medlemmer Tirsdag den 4. marts kl. 19:30Forfatteraften med Jesper Bugge Kold Jesper Bugge Kold debuterede som forfatter i 2014 med romanen \u201c Vinterm\u00e6nd\u201d. Han har en r\u00e6kke romaner bag sig, bl.a.&nbsp; to romaner skrevet sammen med [&hellip;]","og_url":"https:\/\/morsoelitteraturforening.dk\/index.php\/forfatteraften-med-jesper-bugge-kold\/","article_modified_time":"2025-01-05T11:44:16+00:00","og_image":[{"width":1200,"height":900,"url":"https:\/\/morsoelitteraturforening.dk\/wp-content\/uploads\/2023\/02\/AnneLiseMarstrandJorgensen_20feb23.jpg","type":"image\/jpeg"}],"twitter_card":"summary_large_image","twitter_misc":{"Estimeret l\u00e6setid":"2 minutter"},"schema":{"@context":"https:\/\/schema.org","@graph":[{"@type":"WebPage","@id":"https:\/\/morsoelitteraturforening.dk\/index.php\/forfatteraften-med-jesper-bugge-kold\/","url":"https:\/\/morsoelitteraturforening.dk\/index.php\/forfatteraften-med-jesper-bugge-kold\/","name":"Forfatteraften med Jesper Bugge Kold -","isPartOf":{"@id":"https:\/\/morsoelitteraturforening.dk\/#website"},"primaryImageOfPage":{"@id":"https:\/\/morsoelitteraturforening.dk\/index.php\/forfatteraften-med-jesper-bugge-kold\/#primaryimage"},"image":{"@id":"https:\/\/morsoelitteraturforening.dk\/index.php\/forfatteraften-med-jesper-bugge-kold\/#primaryimage"},"thumbnailUrl":"https:\/\/morsoelitteraturforening.dk\/wp-content\/uploads\/2023\/02\/AnneLiseMarstrandJorgensen_20feb23.jpg","datePublished":"2024-12-12T13:13:21+00:00","dateModified":"2025-01-05T11:44:16+00:00","breadcrumb":{"@id":"https:\/\/morsoelitteraturforening.dk\/index.php\/forfatteraften-med-jesper-bugge-kold\/#breadcrumb"},"inLanguage":"da-DK","potentialAction":[{"@type":"ReadAction","target":["https:\/\/morsoelitteraturforening.dk\/index.php\/forfatteraften-med-jesper-bugge-kold\/"]}]},{"@type":"ImageObject","inLanguage":"da-DK","@id":"https:\/\/morsoelitteraturforening.dk\/index.php\/forfatteraften-med-jesper-bugge-kold\/#primaryimage","url":"https:\/\/morsoelitteraturforening.dk\/wp-content\/uploads\/2023\/02\/AnneLiseMarstrandJorgensen_20feb23.jpg","contentUrl":"https:\/\/morsoelitteraturforening.dk\/wp-content\/uploads\/2023\/02\/AnneLiseMarstrandJorgensen_20feb23.jpg","width":1200,"height":900},{"@type":"BreadcrumbList","@id":"https:\/\/morsoelitteraturforening.dk\/index.php\/forfatteraften-med-jesper-bugge-kold\/#breadcrumb","itemListElement":[{"@type":"ListItem","position":1,"name":"Hjem","item":"https:\/\/morsoelitteraturforening.dk\/"},{"@type":"ListItem","position":2,"name":"Forfatteraften med Jesper Bugge Kold"}]},{"@type":"WebSite","@id":"https:\/\/morsoelitteraturforening.dk\/#website","url":"https:\/\/morsoelitteraturforening.dk\/","name":"","description":"","potentialAction":[{"@type":"SearchAction","target":{"@type":"EntryPoint","urlTemplate":"https:\/\/morsoelitteraturforening.dk\/?s={search_term_string}"},"query-input":{"@type":"PropertyValueSpecification","valueRequired":true,"valueName":"search_term_string"}}],"inLanguage":"da-DK"}]}},"_links":{"self":[{"href":"https:\/\/morsoelitteraturforening.dk\/index.php\/wp-json\/wp\/v2\/pages\/991","targetHints":{"allow":["GET"]}}],"collection":[{"href":"https:\/\/morsoelitteraturforening.dk\/index.php\/wp-json\/wp\/v2\/pages"}],"about":[{"href":"https:\/\/morsoelitteraturforening.dk\/index.php\/wp-json\/wp\/v2\/types\/page"}],"author":[{"embeddable":true,"href":"https:\/\/morsoelitteraturforening.dk\/index.php\/wp-json\/wp\/v2\/users\/3"}],"replies":[{"embeddable":true,"href":"https:\/\/morsoelitteraturforening.dk\/index.php\/wp-json\/wp\/v2\/comments?post=991"}],"version-history":[{"count":6,"href":"https:\/\/morsoelitteraturforening.dk\/index.php\/wp-json\/wp\/v2\/pages\/991\/revisions"}],"predecessor-version":[{"id":1041,"href":"https:\/\/morsoelitteraturforening.dk\/index.php\/wp-json\/wp\/v2\/pages\/991\/revisions\/1041"}],"wp:attachment":[{"href":"https:\/\/morsoelitteraturforening.dk\/index.php\/wp-json\/wp\/v2\/media?parent=991"}],"curies":[{"name":"wp","href":"https:\/\/api.w.org\/{rel}","templated":true}]}}