{"id":995,"date":"2024-12-12T13:13:32","date_gmt":"2024-12-12T13:13:32","guid":{"rendered":"https:\/\/morsoelitteraturforening.dk\/?page_id=995"},"modified":"2024-12-12T21:47:51","modified_gmt":"2024-12-12T21:47:51","slug":"forfatteraften-med-karin-slot-christiansen","status":"publish","type":"page","link":"https:\/\/morsoelitteraturforening.dk\/index.php\/forfatteraften-med-karin-slot-christiansen\/","title":{"rendered":"Forfatteraften med Karin Slot Christiansen"},"content":{"rendered":"\n<div class=\"wp-block-group alignfull has-global-padding is-layout-constrained wp-container-core-group-is-layout-19e250f3 wp-block-group-is-layout-constrained\">\n<div class=\"wp-block-cover alignfull has-custom-content-position is-position-top-center aplo-has-filters\" style=\"padding-top:0;padding-right:0;padding-bottom:0;padding-left:0;min-height:300px;--aplo-filter-string:drop-shadow(0 2px 2px rgba(var(--aplo-fdsc), var(--aplo-fdso)));--aplo-clip:9%;aspect-ratio:unset;\"><span aria-hidden=\"true\" class=\"wp-block-cover__background has-background-dim-30 has-background-dim\"><\/span><img loading=\"lazy\" decoding=\"async\" width=\"1200\" height=\"900\" class=\"wp-block-cover__image-background wp-image-393\" alt=\"\" src=\"https:\/\/morsoelitteraturforening.dk\/wp-content\/uploads\/2023\/02\/AnneLiseMarstrandJorgensen_20feb23.jpg\" style=\"object-position:52% 45%\" data-object-fit=\"cover\" data-object-position=\"52% 45%\" srcset=\"https:\/\/morsoelitteraturforening.dk\/wp-content\/uploads\/2023\/02\/AnneLiseMarstrandJorgensen_20feb23.jpg 1200w, https:\/\/morsoelitteraturforening.dk\/wp-content\/uploads\/2023\/02\/AnneLiseMarstrandJorgensen_20feb23-300x225.jpg 300w, https:\/\/morsoelitteraturforening.dk\/wp-content\/uploads\/2023\/02\/AnneLiseMarstrandJorgensen_20feb23-1024x768.jpg 1024w, https:\/\/morsoelitteraturforening.dk\/wp-content\/uploads\/2023\/02\/AnneLiseMarstrandJorgensen_20feb23-768x576.jpg 768w\" sizes=\"auto, (max-width: 1200px) 100vw, 1200px\" \/><div class=\"wp-block-cover__inner-container is-layout-flow wp-block-cover-is-layout-flow\">\n<div style=\"height:60px\" aria-hidden=\"true\" class=\"wp-block-spacer\"><\/div>\n\n\n\n<h2 class=\"wp-block-heading has-text-align-center has-base-color has-text-color has-x-large-font-size aploanim fadeup \" style=\"margin-top:0;margin-right:0;margin-bottom:0;margin-left:0;--aplo-tedu:1000ms\">Mandag den 20. januar 2024<\/h2>\n<\/div><\/div>\n\n\n\n<div class=\"wp-block-group alignwide has-base-background-color has-background aploanim fadeup  aplo-has-hover-filters aplo-has-pull-styles has-global-padding is-layout-constrained wp-container-core-group-is-layout-d52d615c wp-block-group-is-layout-constrained\" style=\"border-radius:5px;padding-top:var(--wp--preset--spacing--30);padding-right:var(--wp--preset--spacing--20);padding-bottom:var(--wp--preset--spacing--20);padding-left:var(--wp--preset--spacing--20);--aplo-filter-hover-string:;--aplo-tedu:750ms;position:relative;z-index:2;margin-top:-81px\">\n<p class=\"has-text-align-center has-link-color wp-elements-7452d05a5647f41b64581bcf0f18137c\">St\u00f8berisalen, Mors\u00f8 Folkebibliotek, Holgersgade 7, 7900 Nyk\u00f8bing Mors<\/p>\n\n\n\n<p class=\"has-text-align-center\">Entr\u00e9: Gratis for medlemmer af Mors\u00f8 Litteraturforening \/ 75 kr. for ikke-medlemmer<\/p>\n<\/div>\n<\/div>\n\n\n\n<div class=\"wp-block-columns is-layout-flex wp-container-core-columns-is-layout-28f84493 wp-block-columns-is-layout-flex\">\n<div class=\"wp-block-column is-layout-flow wp-block-column-is-layout-flow\" style=\"flex-basis:100%\">\n<div class=\"wp-block-group has-global-padding is-layout-constrained wp-block-group-is-layout-constrained\" style=\"padding-top:0;padding-bottom:var(--wp--preset--spacing--20)\">\n<div class=\"wp-block-columns is-layout-flex wp-container-core-columns-is-layout-28f84493 wp-block-columns-is-layout-flex\">\n<div class=\"wp-block-column is-layout-flow wp-block-column-is-layout-flow\" style=\"padding-top:var(--wp--preset--spacing--30);padding-bottom:var(--wp--preset--spacing--40)\">\n<div class=\"wp-block-columns is-not-stacked-on-mobile is-layout-flex wp-container-core-columns-is-layout-28232c24 wp-block-columns-is-layout-flex\">\n<div class=\"wp-block-column aploanim fadeup  aplo-has-filters aplo-has-transforms aplo-has-pull-styles is-layout-flow wp-block-column-is-layout-flow\" style=\"padding-bottom:var(--wp--preset--spacing--30);--aplo-filter-string:drop-shadow(5px 5px 5px rgba(var(--aplo-fdsc), var(--aplo-fdso)));--aplo-transform-string:translateY(15px) ;--aplo-tede:250ms\">\n<div class=\"wp-block-group aploanim fadeup  aplo-has-pull-styles has-global-padding is-layout-constrained wp-block-group-is-layout-constrained\">\n<figure class=\"wp-block-image size-full\"><img loading=\"lazy\" decoding=\"async\" width=\"600\" height=\"800\" src=\"https:\/\/morsoelitteraturforening.dk\/wp-content\/uploads\/2024\/12\/ksc_Fotograf-Les-Kaner-600x800-1.jpg\" alt=\"\" class=\"wp-image-1003\" srcset=\"https:\/\/morsoelitteraturforening.dk\/wp-content\/uploads\/2024\/12\/ksc_Fotograf-Les-Kaner-600x800-1.jpg 600w, https:\/\/morsoelitteraturforening.dk\/wp-content\/uploads\/2024\/12\/ksc_Fotograf-Les-Kaner-600x800-1-225x300.jpg 225w\" sizes=\"auto, (max-width: 600px) 100vw, 600px\" \/><figcaption class=\"wp-element-caption\">Karin Slot Christiansen <br>Foto: Les Kaner<\/figcaption><\/figure>\n<\/div>\n<\/div>\n<\/div>\n<\/div>\n\n\n\n<div class=\"wp-block-column is-vertically-aligned-center has-base-color has-contrast-background-color has-text-color has-background aplo-has-filters is-layout-flow wp-block-column-is-layout-flow\" style=\"padding-top:var(--wp--preset--spacing--30);padding-right:var(--wp--preset--spacing--30);padding-bottom:var(--wp--preset--spacing--30);padding-left:var(--wp--preset--spacing--30);flex-basis:55%;--aplo-filter-string:drop-shadow(3px 3px 3px rgba(var(--aplo-fdsc), var(--aplo-fdso)))\">\n<p class=\"\"><strong>Mandag den 20. januar kl. 19:30<\/strong><br><strong>Forfatteraften med Karin Slot Christiansen<\/strong><\/p>\n\n\n\n<p class=\"\">Karin Slot Christiansen fort\u00e6ller i en samtale med bibliotekar Christina Ruskj\u00e6r om sine to bestsellerromaner <em>\u201cFuglene synger bagl\u00e6ns\u201d (<\/em>2021) og <em>\u201c Englen i havet\u201d <\/em>(2023) og m\u00e5ske lidt om n\u00e6ste roman i serien om de to barndoms-veninder fra Vestjylland, Katrine og Vicki.<br><br>Deres liv har udartet sig i to forskellige retninger.\u00a0 Vicki har giftet sig med en landmand og er flyttet ind p\u00e5 hans sl\u00e6gtsg\u00e5rd i Vestjylland. Katrine har bosat sig i K\u00f8benhavn og har et sp\u00e6ndende karrierejob som retsreporter. Hver is\u00e6r misunder de to i stilhed hinandens liv, men en begivenhed f\u00e5r deres venskab til at sl\u00e5 revner.<br><br>Det er psykologiske udviklingsromaner om kvindeliv, om balancen mellem arbejds- og privatliv, om venskab, k\u00e6rlighed, svigt og tilgivelse.<br><br>Ud over de eksistentielle dilemmaer mellem de to kvinder, er biodiversitet, industrielt landbrug, uforl\u00f8ste dr\u00f8mme og egodrevne beg\u00e6r efter status og bekr\u00e6ftelse ogs\u00e5 gennemg\u00e5ende temaer.<br><br><em>Karin Slot Christiansen er f\u00f8dt og opvokset i Vestjylland. Hun er uddannet journalist, mange-\u00e5rig dokumentartilrettel\u00e6gger til TV2 og DR1 og certificeret psykoterapeut.<\/em><br><br><em>Efter forfatteraftenen er der generalforsamling i Mors\u00f8 Litteraturforening.<\/em><\/p>\n<\/div>\n<\/div>\n<\/div>\n<\/div>\n<\/div>\n","protected":false},"excerpt":{"rendered":"<p>St\u00f8berisalen, Mors\u00f8 Folkebibliotek, Holgersgade 7, 7900 Nyk\u00f8bing Mors Entr\u00e9: Gratis for medlemmer af Mors\u00f8 Litteraturforening \/ 75 kr. for ikke-medlemmer Mandag den 20. januar kl. 19:30Forfatteraften med Karin Slot Christiansen Karin Slot Christiansen fort\u00e6ller i en samtale med bibliotekar Christina Ruskj\u00e6r om sine to bestsellerromaner \u201cFuglene synger bagl\u00e6ns\u201d (2021) og \u201c Englen i havet\u201d (2023) [&hellip;]<\/p>\n","protected":false},"author":3,"featured_media":0,"parent":0,"menu_order":0,"comment_status":"closed","ping_status":"closed","template":"","meta":{"_editorskit_title_hidden":false,"_editorskit_reading_time":0,"_editorskit_is_block_options_detached":false,"_editorskit_block_options_position":"{}","footnotes":""},"class_list":["post-995","page","type-page","status-publish","hentry"],"yoast_head":"<!-- This site is optimized with the Yoast SEO plugin v27.4 - https:\/\/yoast.com\/product\/yoast-seo-wordpress\/ -->\n<title>Forfatteraften med Karin Slot Christiansen -<\/title>\n<meta name=\"robots\" content=\"index, follow, max-snippet:-1, max-image-preview:large, max-video-preview:-1\" \/>\n<link rel=\"canonical\" href=\"https:\/\/morsoelitteraturforening.dk\/index.php\/forfatteraften-med-karin-slot-christiansen\/\" \/>\n<meta property=\"og:locale\" content=\"da_DK\" \/>\n<meta property=\"og:type\" content=\"article\" \/>\n<meta property=\"og:title\" content=\"Forfatteraften med Karin Slot Christiansen -\" \/>\n<meta property=\"og:description\" content=\"St\u00f8berisalen, Mors\u00f8 Folkebibliotek, Holgersgade 7, 7900 Nyk\u00f8bing Mors Entr\u00e9: Gratis for medlemmer af Mors\u00f8 Litteraturforening \/ 75 kr. for ikke-medlemmer Mandag den 20. januar kl. 19:30Forfatteraften med Karin Slot Christiansen Karin Slot Christiansen fort\u00e6ller i en samtale med bibliotekar Christina Ruskj\u00e6r om sine to bestsellerromaner \u201cFuglene synger bagl\u00e6ns\u201d (2021) og \u201c Englen i havet\u201d (2023) [&hellip;]\" \/>\n<meta property=\"og:url\" content=\"https:\/\/morsoelitteraturforening.dk\/index.php\/forfatteraften-med-karin-slot-christiansen\/\" \/>\n<meta property=\"article:modified_time\" content=\"2024-12-12T21:47:51+00:00\" \/>\n<meta property=\"og:image\" content=\"https:\/\/morsoelitteraturforening.dk\/wp-content\/uploads\/2023\/02\/AnneLiseMarstrandJorgensen_20feb23.jpg\" \/>\n\t<meta property=\"og:image:width\" content=\"1200\" \/>\n\t<meta property=\"og:image:height\" content=\"900\" \/>\n\t<meta property=\"og:image:type\" content=\"image\/jpeg\" \/>\n<meta name=\"twitter:card\" content=\"summary_large_image\" \/>\n<meta name=\"twitter:label1\" content=\"Estimeret l\u00e6setid\" \/>\n\t<meta name=\"twitter:data1\" content=\"2 minutter\" \/>\n<script type=\"application\/ld+json\" class=\"yoast-schema-graph\">{\"@context\":\"https:\\\/\\\/schema.org\",\"@graph\":[{\"@type\":\"WebPage\",\"@id\":\"https:\\\/\\\/morsoelitteraturforening.dk\\\/index.php\\\/forfatteraften-med-karin-slot-christiansen\\\/\",\"url\":\"https:\\\/\\\/morsoelitteraturforening.dk\\\/index.php\\\/forfatteraften-med-karin-slot-christiansen\\\/\",\"name\":\"Forfatteraften med Karin Slot Christiansen -\",\"isPartOf\":{\"@id\":\"https:\\\/\\\/morsoelitteraturforening.dk\\\/#website\"},\"primaryImageOfPage\":{\"@id\":\"https:\\\/\\\/morsoelitteraturforening.dk\\\/index.php\\\/forfatteraften-med-karin-slot-christiansen\\\/#primaryimage\"},\"image\":{\"@id\":\"https:\\\/\\\/morsoelitteraturforening.dk\\\/index.php\\\/forfatteraften-med-karin-slot-christiansen\\\/#primaryimage\"},\"thumbnailUrl\":\"https:\\\/\\\/morsoelitteraturforening.dk\\\/wp-content\\\/uploads\\\/2023\\\/02\\\/AnneLiseMarstrandJorgensen_20feb23.jpg\",\"datePublished\":\"2024-12-12T13:13:32+00:00\",\"dateModified\":\"2024-12-12T21:47:51+00:00\",\"breadcrumb\":{\"@id\":\"https:\\\/\\\/morsoelitteraturforening.dk\\\/index.php\\\/forfatteraften-med-karin-slot-christiansen\\\/#breadcrumb\"},\"inLanguage\":\"da-DK\",\"potentialAction\":[{\"@type\":\"ReadAction\",\"target\":[\"https:\\\/\\\/morsoelitteraturforening.dk\\\/index.php\\\/forfatteraften-med-karin-slot-christiansen\\\/\"]}]},{\"@type\":\"ImageObject\",\"inLanguage\":\"da-DK\",\"@id\":\"https:\\\/\\\/morsoelitteraturforening.dk\\\/index.php\\\/forfatteraften-med-karin-slot-christiansen\\\/#primaryimage\",\"url\":\"https:\\\/\\\/morsoelitteraturforening.dk\\\/wp-content\\\/uploads\\\/2023\\\/02\\\/AnneLiseMarstrandJorgensen_20feb23.jpg\",\"contentUrl\":\"https:\\\/\\\/morsoelitteraturforening.dk\\\/wp-content\\\/uploads\\\/2023\\\/02\\\/AnneLiseMarstrandJorgensen_20feb23.jpg\",\"width\":1200,\"height\":900},{\"@type\":\"BreadcrumbList\",\"@id\":\"https:\\\/\\\/morsoelitteraturforening.dk\\\/index.php\\\/forfatteraften-med-karin-slot-christiansen\\\/#breadcrumb\",\"itemListElement\":[{\"@type\":\"ListItem\",\"position\":1,\"name\":\"Hjem\",\"item\":\"https:\\\/\\\/morsoelitteraturforening.dk\\\/\"},{\"@type\":\"ListItem\",\"position\":2,\"name\":\"Forfatteraften med Karin Slot Christiansen\"}]},{\"@type\":\"WebSite\",\"@id\":\"https:\\\/\\\/morsoelitteraturforening.dk\\\/#website\",\"url\":\"https:\\\/\\\/morsoelitteraturforening.dk\\\/\",\"name\":\"\",\"description\":\"\",\"potentialAction\":[{\"@type\":\"SearchAction\",\"target\":{\"@type\":\"EntryPoint\",\"urlTemplate\":\"https:\\\/\\\/morsoelitteraturforening.dk\\\/?s={search_term_string}\"},\"query-input\":{\"@type\":\"PropertyValueSpecification\",\"valueRequired\":true,\"valueName\":\"search_term_string\"}}],\"inLanguage\":\"da-DK\"}]}<\/script>\n<!-- \/ Yoast SEO plugin. -->","yoast_head_json":{"title":"Forfatteraften med Karin Slot Christiansen -","robots":{"index":"index","follow":"follow","max-snippet":"max-snippet:-1","max-image-preview":"max-image-preview:large","max-video-preview":"max-video-preview:-1"},"canonical":"https:\/\/morsoelitteraturforening.dk\/index.php\/forfatteraften-med-karin-slot-christiansen\/","og_locale":"da_DK","og_type":"article","og_title":"Forfatteraften med Karin Slot Christiansen -","og_description":"St\u00f8berisalen, Mors\u00f8 Folkebibliotek, Holgersgade 7, 7900 Nyk\u00f8bing Mors Entr\u00e9: Gratis for medlemmer af Mors\u00f8 Litteraturforening \/ 75 kr. for ikke-medlemmer Mandag den 20. januar kl. 19:30Forfatteraften med Karin Slot Christiansen Karin Slot Christiansen fort\u00e6ller i en samtale med bibliotekar Christina Ruskj\u00e6r om sine to bestsellerromaner \u201cFuglene synger bagl\u00e6ns\u201d (2021) og \u201c Englen i havet\u201d (2023) [&hellip;]","og_url":"https:\/\/morsoelitteraturforening.dk\/index.php\/forfatteraften-med-karin-slot-christiansen\/","article_modified_time":"2024-12-12T21:47:51+00:00","og_image":[{"width":1200,"height":900,"url":"https:\/\/morsoelitteraturforening.dk\/wp-content\/uploads\/2023\/02\/AnneLiseMarstrandJorgensen_20feb23.jpg","type":"image\/jpeg"}],"twitter_card":"summary_large_image","twitter_misc":{"Estimeret l\u00e6setid":"2 minutter"},"schema":{"@context":"https:\/\/schema.org","@graph":[{"@type":"WebPage","@id":"https:\/\/morsoelitteraturforening.dk\/index.php\/forfatteraften-med-karin-slot-christiansen\/","url":"https:\/\/morsoelitteraturforening.dk\/index.php\/forfatteraften-med-karin-slot-christiansen\/","name":"Forfatteraften med Karin Slot Christiansen -","isPartOf":{"@id":"https:\/\/morsoelitteraturforening.dk\/#website"},"primaryImageOfPage":{"@id":"https:\/\/morsoelitteraturforening.dk\/index.php\/forfatteraften-med-karin-slot-christiansen\/#primaryimage"},"image":{"@id":"https:\/\/morsoelitteraturforening.dk\/index.php\/forfatteraften-med-karin-slot-christiansen\/#primaryimage"},"thumbnailUrl":"https:\/\/morsoelitteraturforening.dk\/wp-content\/uploads\/2023\/02\/AnneLiseMarstrandJorgensen_20feb23.jpg","datePublished":"2024-12-12T13:13:32+00:00","dateModified":"2024-12-12T21:47:51+00:00","breadcrumb":{"@id":"https:\/\/morsoelitteraturforening.dk\/index.php\/forfatteraften-med-karin-slot-christiansen\/#breadcrumb"},"inLanguage":"da-DK","potentialAction":[{"@type":"ReadAction","target":["https:\/\/morsoelitteraturforening.dk\/index.php\/forfatteraften-med-karin-slot-christiansen\/"]}]},{"@type":"ImageObject","inLanguage":"da-DK","@id":"https:\/\/morsoelitteraturforening.dk\/index.php\/forfatteraften-med-karin-slot-christiansen\/#primaryimage","url":"https:\/\/morsoelitteraturforening.dk\/wp-content\/uploads\/2023\/02\/AnneLiseMarstrandJorgensen_20feb23.jpg","contentUrl":"https:\/\/morsoelitteraturforening.dk\/wp-content\/uploads\/2023\/02\/AnneLiseMarstrandJorgensen_20feb23.jpg","width":1200,"height":900},{"@type":"BreadcrumbList","@id":"https:\/\/morsoelitteraturforening.dk\/index.php\/forfatteraften-med-karin-slot-christiansen\/#breadcrumb","itemListElement":[{"@type":"ListItem","position":1,"name":"Hjem","item":"https:\/\/morsoelitteraturforening.dk\/"},{"@type":"ListItem","position":2,"name":"Forfatteraften med Karin Slot Christiansen"}]},{"@type":"WebSite","@id":"https:\/\/morsoelitteraturforening.dk\/#website","url":"https:\/\/morsoelitteraturforening.dk\/","name":"","description":"","potentialAction":[{"@type":"SearchAction","target":{"@type":"EntryPoint","urlTemplate":"https:\/\/morsoelitteraturforening.dk\/?s={search_term_string}"},"query-input":{"@type":"PropertyValueSpecification","valueRequired":true,"valueName":"search_term_string"}}],"inLanguage":"da-DK"}]}},"_links":{"self":[{"href":"https:\/\/morsoelitteraturforening.dk\/index.php\/wp-json\/wp\/v2\/pages\/995","targetHints":{"allow":["GET"]}}],"collection":[{"href":"https:\/\/morsoelitteraturforening.dk\/index.php\/wp-json\/wp\/v2\/pages"}],"about":[{"href":"https:\/\/morsoelitteraturforening.dk\/index.php\/wp-json\/wp\/v2\/types\/page"}],"author":[{"embeddable":true,"href":"https:\/\/morsoelitteraturforening.dk\/index.php\/wp-json\/wp\/v2\/users\/3"}],"replies":[{"embeddable":true,"href":"https:\/\/morsoelitteraturforening.dk\/index.php\/wp-json\/wp\/v2\/comments?post=995"}],"version-history":[{"count":5,"href":"https:\/\/morsoelitteraturforening.dk\/index.php\/wp-json\/wp\/v2\/pages\/995\/revisions"}],"predecessor-version":[{"id":1033,"href":"https:\/\/morsoelitteraturforening.dk\/index.php\/wp-json\/wp\/v2\/pages\/995\/revisions\/1033"}],"wp:attachment":[{"href":"https:\/\/morsoelitteraturforening.dk\/index.php\/wp-json\/wp\/v2\/media?parent=995"}],"curies":[{"name":"wp","href":"https:\/\/api.w.org\/{rel}","templated":true}]}}